{"id":731,"date":"2021-10-08T17:42:29","date_gmt":"2021-10-08T15:42:29","guid":{"rendered":"https:\/\/gwenaellepersiaux.com\/?page_id=731"},"modified":"2026-04-03T08:15:19","modified_gmt":"2026-04-03T06:15:19","slug":"stage-dete-au-coeur-de-soi-et-de-ses-blessures","status":"publish","type":"page","link":"https:\/\/gwenaellepersiaux.com\/?page_id=731","title":{"rendered":"Stages intensifs Au c\u0153ur de soi et de ses blessures"},"content":{"rendered":"<p>[et_pb_section fb_built=&#8221;1&#8243; admin_label=&#8221;Hero Section&#8221; _builder_version=&#8221;4.7.0&#8243; use_background_color_gradient=&#8221;on&#8221; background_color_gradient_start=&#8221;rgba(244,240,233,0.9)&#8221; background_color_gradient_end=&#8221;rgba(244,240,233,0)&#8221; background_color_gradient_direction=&#8221;90deg&#8221; background_color_gradient_start_position=&#8221;30%&#8221; background_color_gradient_overlays_image=&#8221;on&#8221; background_image=&#8221;https:\/\/gwenaellepersiaux.com\/wp-content\/uploads\/2021\/05\/poppy-2989645_1920.jpg&#8221; custom_margin=&#8221;|||&#8221; custom_padding=&#8221;119px|0px|119px|0px&#8221;][et_pb_row custom_padding_last_edited=&#8221;off|desktop&#8221; admin_label=&#8221;Hero Area&#8221; _builder_version=&#8221;3.25&#8243; custom_padding=&#8221;27px|0px|0px|0px&#8221;][et_pb_column type=&#8221;4_4&#8243; _builder_version=&#8221;3.25&#8243; custom_padding=&#8221;|||&#8221; custom_padding__hover=&#8221;|||&#8221;][et_pb_text admin_label=&#8221;Hero Title&#8221; _builder_version=&#8221;4.7.0&#8243; text_font=&#8221;Playfair Display||||||||&#8221; header_font=&#8221;Alice||||||||&#8221; header_font_size=&#8221;80px&#8221; header_letter_spacing=&#8221;-3px&#8221; header_line_height=&#8221;1.1em&#8221; custom_margin=&#8221;||0px|&#8221; custom_padding=&#8221;|||&#8221; animation_style=&#8221;slide&#8221; animation_direction=&#8221;left&#8221; animation_intensity_slide=&#8221;5%&#8221; animation_starting_opacity=&#8221;100%&#8221; text_font_size_last_edited=&#8221;off|desktop&#8221; header_font_size_tablet=&#8221;&#8221; header_font_size_phone=&#8221;60px&#8221; header_font_size_last_edited=&#8221;on|phone&#8221;]<\/p>\n<h1>Stages th\u00e9rapeutiques :<\/h1>\n<p>[\/et_pb_text][\/et_pb_column][\/et_pb_row][et_pb_row _builder_version=&#8221;4.7.0&#8243; _module_preset=&#8221;default&#8221; custom_padding=&#8221;1px|||||&#8221;][et_pb_column type=&#8221;4_4&#8243; _builder_version=&#8221;4.7.0&#8243; _module_preset=&#8221;default&#8221;][et_pb_text _builder_version=&#8221;4.7.0&#8243; _module_preset=&#8221;default&#8221;]<\/p>\n<h2>Voyage au c\u0153ur de soi et de ses blessures :<\/h2>\n<h2>stages intensifs\u00a0<\/h2>\n<p>[\/et_pb_text][\/et_pb_column][\/et_pb_row][\/et_pb_section][et_pb_section fb_built=&#8221;1&#8243; _builder_version=&#8221;4.7.0&#8243; _module_preset=&#8221;default&#8221; custom_padding=&#8221;50px||50px|||&#8221;][et_pb_row _builder_version=&#8221;4.7.0&#8243; _module_preset=&#8221;default&#8221;][et_pb_column type=&#8221;4_4&#8243; _builder_version=&#8221;4.7.0&#8243; _module_preset=&#8221;default&#8221;][et_pb_text _builder_version=&#8221;4.7.0&#8243; _module_preset=&#8221;default&#8221; text_text_color=&#8221;#000000&#8243; text_font_size=&#8221;16px&#8221; text_orientation=&#8221;justified&#8221;]<\/p>\n<p><span style=\"text-decoration: underline; font-size: 16px;\"><strong>Stages intensifs &#8211; Au c\u0153ur de soi et de ses blessures<\/strong><\/span><\/p>\n<p><strong><\/strong><\/p>\n<p><strong><\/strong><\/p>\n<p><strong><\/strong><\/p>\n<p>Avez-vous observ\u00e9 qu&#8217;\u00e0 certains moments de notre vie nous sommes comme un fruit m\u00fbr, pr\u00eats \u00e0 aller d\u00e9couvrir et lib\u00e9rer des parties de nous qui n\u2019attendent que cela\u00a0?<\/p>\n<p>Pour r\u00e9pondre \u00e0 cette r\u00e9alit\u00e9, mais aussi aux besoins de notre plan\u00e8te de porter des humains un peu plus ancr\u00e9s et bienveillants envers eux-m\u00eames et le vivant, j\u2019ai cr\u00e9\u00e9 ces stages intensifs. En renfort d\u2019un travail individuel ou \u00e0 la place de celui-ci, <strong>vous offrir ces jours de retour \u00e0 vous-m\u00eame est le cadeau du pr\u00e9sent pour un futur plus align\u00e9.<\/strong> C&#8217;est en tout cas mon intention profonde.<\/p>\n<p>Pendant ce voyage, au sein d\u2019un petit groupe chaleureux et soutenant, vous pourrez poser ce mental pr\u00e9cieux, mais si encombrant parfois, pour aller voir ce qui reste bless\u00e9 ou cach\u00e9 dans les coins de votre psych\u00e9 et de votre corps.<\/p>\n<p>Inspir\u00e9e par la psychologie de l\u2019attachement, le chamanisme et la m\u00e9decine \u00e9nerg\u00e9tique et transpersonnelle, je vous propose un p\u00e9riple pendant ces quelques jours autour des ingr\u00e9dients qui me parlent personnellement et r\u00e9sonnent aussi pour tant d\u2019autres\u00a0: le mouvement et la danse libre (qui ont une place pr\u00e9pond\u00e9rante pendant le stage), la parole bien s\u00fbr, diverses propositions autour de l\u2019expression des \u00e9motions et des ressentis profonds, ainsi que le contact avec la nature gr\u00e2ce au lieu. J&#8217;ai \u00e0 c\u0153ur enfin d&#8217;amener une ouverture au plus vaste, au spirituel, afin de nous soutenir dans notre \u00e9volution personnelle mais aussi collective, en cette \u00e9poque \u00e0 la fois malmenante et riche de promesses de changements de fond.<\/p>\n<p>Un focus particulier est apport\u00e9 pendant ces stages d&#8217;\u00e9t\u00e9 sur vos blessures d\u2019attachement qui vous freinent encore dans votre vie et attendent d\u2019\u00eatre pris en soins pour lib\u00e9rer l\u2019\u00e9nergie cr\u00e9atrice qui les sous-tend. Ce travail se fera avant tout de mani\u00e8re exp\u00e9rientielle et \u00e9motionnelle, pour contourner les d\u00e9fenses du mental.<\/p>\n<p>Je vous demanderai, individuellement, avant d\u2019embarquer dans notre aventure tant individuelle que collective, de pr\u00e9parer vos intentions de voyage et d\u2019explorer au pr\u00e9alable quelques zones.<\/p>\n<p>Enfin, afin de faire connaissance, r\u00e9pondre \u00e0 toutes vos questions et \u00e9valuer ensemble si ce stage vous correspond \u00e0 ce temps-ci et dans ses modalit\u00e9s, je prendrai un temps d\u2019\u00e9change avec chacun(e) d\u2019entre vous par t\u00e9l\u00e9phone ou visio.<\/p>\n<p>Au plaisir d\u2019y \u00eatre,<\/p>\n<p>Gwenaelle\u00a0<\/p>\n<p>[\/et_pb_text][\/et_pb_column][\/et_pb_row][\/et_pb_section][et_pb_section fb_built=&#8221;1&#8243; admin_label=&#8221;About Us Section&#8221; _builder_version=&#8221;4.7.0&#8243; background_color=&#8221;rgba(244,240,233,0.9)&#8221; custom_padding=&#8221;50px||36px|||&#8221;][et_pb_row admin_label=&#8221;About Us Area&#8221; _builder_version=&#8221;3.25&#8243; custom_margin=&#8221;|||&#8221; custom_padding=&#8221;27px|0px|0px|0px&#8221;][et_pb_column type=&#8221;4_4&#8243; _builder_version=&#8221;3.25&#8243; custom_padding=&#8221;|||&#8221; custom_padding__hover=&#8221;|||&#8221;][et_pb_divider color=&#8221;#000000&#8243; divider_weight=&#8221;3px&#8221; _builder_version=&#8221;3.2&#8243; max_width=&#8221;50px&#8221; custom_margin=&#8221;||10px|&#8221; animation_style=&#8221;fold&#8221; animation_direction=&#8221;left&#8221; animation_starting_opacity=&#8221;100%&#8221;][\/et_pb_divider][et_pb_text admin_label=&#8221;Title&#8221; _builder_version=&#8221;4.7.0&#8243; text_font=&#8221;||||||||&#8221; header_font=&#8221;||||||||&#8221; header_2_font=&#8221;Alice||||||||&#8221; header_2_font_size=&#8221;42px&#8221; header_2_line_height=&#8221;1.3em&#8221; custom_margin=&#8221;||20px|&#8221; animation_style=&#8221;slide&#8221; animation_direction=&#8221;top&#8221; animation_intensity_slide=&#8221;30%&#8221; animation_starting_opacity=&#8221;100%&#8221;]<\/p>\n<h2>Modalit\u00e9s pratiques<\/h2>\n<p>[\/et_pb_text][et_pb_text _builder_version=&#8221;4.7.0&#8243; text_font=&#8221;||||||||&#8221; text_text_color=&#8221;#000000&#8243; text_font_size=&#8221;16px&#8221; text_line_height=&#8221;1.8em&#8221; text_orientation=&#8221;justified&#8221; animation_style=&#8221;slide&#8221; animation_direction=&#8221;top&#8221; animation_intensity_slide=&#8221;10%&#8221; animation_starting_opacity=&#8221;100%&#8221;]<\/p>\n<p><strong><\/strong><\/p>\n<p><span>\u00a0<\/span><\/p>\n<p><span><strong><span style=\"text-decoration: underline;\">Dates 2026<\/span>\u00a0<\/strong>:<\/span><span> 5 jours \/ 4 nuits<\/span><\/p>\n<p><span>&#8211;\u00a0<\/span><strong>du mercredi 9 septembre 10h30 au dimanche 13 septembre 2026 17h\u00a0 : reste 3 places<\/strong><\/p>\n<p>\u00a0&#8211;<span>\u00a0<\/span><strong>du mercredi 21 octobre 10h30 au dimanche 25 octobre 2026 17h\u00a0\u00a0<\/strong><\/p>\n<p>&nbsp;<\/p>\n<p><strong>Lieu\u00a0:\u00a0Hameau des Sources \u00e0 Pr\u00e9aux en Ard\u00e8che (07)<\/strong>, \u00e0 1h20 de Lyon,\u00a01h20 de Saint Etienne, 2h40 de Marseille.<\/p>\n<p>D\u00e9couvrez ce beau lieu (avec piscine\u00a0!) sur leur site\u00a0: <a href=\"http:\/\/source07.fr\/\" target=\"_blank\" rel=\"noopener noreferrer\">http:\/\/source07.fr<\/a><\/p>\n<p>[\/et_pb_text][et_pb_text _builder_version=&#8221;4.7.0&#8243; text_font=&#8221;||||||||&#8221; text_text_color=&#8221;#000000&#8243; text_font_size=&#8221;16px&#8221; text_line_height=&#8221;1.8em&#8221; text_orientation=&#8221;justified&#8221; animation_style=&#8221;slide&#8221; animation_direction=&#8221;top&#8221; animation_intensity_slide=&#8221;10%&#8221; animation_starting_opacity=&#8221;100%&#8221;]<\/p>\n<p><strong style=\"font-size: 16px;\">Tarif\u00a0 2026 :<\/strong><span style=\"font-size: 16px;\"><strong>\u00a0660\u20ac <\/strong>\u00a0 (+ 415\u20ac pension compl\u00e8te)<\/span><\/p>\n<p><span style=\"font-size: 16px;\"><\/span><\/p>\n<p>H\u00e9bergement : vous serez log\u00e9s en chambres ou chalets de 2\/3 personnes (quelques h\u00e9bergements solo avec suppl\u00e9ment financier et sous r\u00e9serve de disponibilit\u00e9).<\/p>\n<p>Nos repas\u00a0seront pr\u00e9par\u00e9s avec amour et conscience par une cuisini\u00e8re\u00a0: v\u00e9g\u00e9tarien, local et bio.<\/p>\n<p>&nbsp;<\/p>\n<p><strong>Nombre de places limit\u00e9<\/strong> <strong>\u00e0 14 personnes.<\/strong><\/p>\n<p>Il est recommand\u00e9 d&#8217;avoir fait au pr\u00e9alable au moins un stage avec moi, afin d&#8217;\u00e9valuer si ce stage intensif correspond \u00e0 votre profil, vos besoins et vos attentes, notamment le stage d\u00e9couverte A la rencontre de soi et de ses \u00e9motions.<strong><\/strong><\/p>\n<p><strong>Comment vous inscrire ?<\/strong><span>\u00a0Remplissez le formulaire de pr\u00e9-inscription en ligne en cliquant sur la cartouche orange ci dessous. Avec ces \u00e9l\u00e9ments, je vous contacterai par mail pour fixer ensemble un entretien t\u00e9l\u00e9phonique afin de faire connaissance et r\u00e9pondre \u00e0 vos questions. Votre inscription d\u00e9finitive se fera ensuite par l\u2019envoi d\u2019un ch\u00e8que d\u2019arrhes ou virement.\u00a0<\/span><\/p>\n<p>&nbsp;<\/p>\n<p><strong>Conditions d&#8217;annulation :\u00a0<\/strong><span>L\u2019acompte est conserv\u00e9 dans tous les cas d\u2019annulation.\u00a0En cas d\u2019annulation moins de 4 semaines avant la date du stage, la totalit\u00e9 du stage est due, sauf si une personne peut vous remplacer (et seul l\u2019acompte sera retenu).<\/span><\/p>\n<p>[\/et_pb_text][\/et_pb_column][\/et_pb_row][et_pb_row _builder_version=&#8221;4.7.0&#8243; _module_preset=&#8221;default&#8221;][et_pb_column type=&#8221;4_4&#8243; _builder_version=&#8221;4.7.0&#8243; _module_preset=&#8221;default&#8221;][et_pb_button button_url=&#8221;https:\/\/docs.google.com\/forms\/d\/e\/1FAIpQLSdIE-nqmCOXfREY8nh3m0doYL13FORfOK5SBxFyO-UB7-PbbA\/viewform?usp=pp_url&#8221; url_new_window=&#8221;on&#8221; button_text=&#8221; PRE INSCRIPTION EN LIGNE&#8221; _builder_version=&#8221;4.7.0&#8243; _module_preset=&#8221;default&#8221; custom_button=&#8221;on&#8221; button_text_size=&#8221;14px&#8221; button_text_color=&#8221;#ffffff&#8221; button_bg_color=&#8221;#c55f0d&#8221; button_border_width=&#8221;1px&#8221; button_border_color_tablet=&#8221;&#8221; button_border_color_phone=&#8221;&#8221; button_border_color_last_edited=&#8221;on|desktop&#8221;][\/et_pb_button][\/et_pb_column][\/et_pb_row][\/et_pb_section][et_pb_section fb_built=&#8221;1&#8243; _builder_version=&#8221;4.7.0&#8243; _module_preset=&#8221;default&#8221;][et_pb_row column_structure=&#8221;1_4,1_4,1_4,1_4&#8243; _builder_version=&#8221;4.7.0&#8243; _module_preset=&#8221;default&#8221;][et_pb_column type=&#8221;1_4&#8243; _builder_version=&#8221;4.7.0&#8243; _module_preset=&#8221;default&#8221;][et_pb_image src=&#8221;https:\/\/gwenaellepersiaux.com\/wp-content\/uploads\/2022\/08\/preaux-1.jpeg&#8221; alt=&#8221;La Ferme de l\u2019Eveil &#8221; title_text=&#8221;pr\u00e9aux 1&#8243; force_fullwidth=&#8221;on&#8221; align_tablet=&#8221;center&#8221; align_phone=&#8221;&#8221; align_last_edited=&#8221;on|desktop&#8221; _builder_version=&#8221;4.7.0&#8243; animation_style=&#8221;slide&#8221; animation_direction=&#8221;left&#8221; animation_intensity_slide=&#8221;10%&#8221; animation_starting_opacity=&#8221;100%&#8221;][\/et_pb_image][\/et_pb_column][et_pb_column type=&#8221;1_4&#8243; _builder_version=&#8221;4.7.0&#8243; _module_preset=&#8221;default&#8221;][\/et_pb_column][et_pb_column type=&#8221;1_4&#8243; _builder_version=&#8221;4.7.0&#8243; _module_preset=&#8221;default&#8221;][et_pb_image src=&#8221;https:\/\/gwenaellepersiaux.com\/wp-content\/uploads\/2023\/09\/v2-scaled.jpg&#8221; alt=&#8221;La Ferme de l\u2019Eveil &#8221; title_text=&#8221;v2&#8243; force_fullwidth=&#8221;on&#8221; align_tablet=&#8221;center&#8221; align_phone=&#8221;&#8221; align_last_edited=&#8221;on|desktop&#8221; _builder_version=&#8221;4.7.0&#8243; animation_style=&#8221;slide&#8221; animation_direction=&#8221;left&#8221; animation_intensity_slide=&#8221;10%&#8221; animation_starting_opacity=&#8221;100%&#8221;][\/et_pb_image][\/et_pb_column][et_pb_column type=&#8221;1_4&#8243; _builder_version=&#8221;4.7.0&#8243; _module_preset=&#8221;default&#8221;][et_pb_image src=&#8221;https:\/\/gwenaellepersiaux.com\/wp-content\/uploads\/2023\/09\/1693816238403-scaled.jpg&#8221; alt=&#8221;La Ferme de l\u2019Eveil &#8221; title_text=&#8221;1693816238403&#8243; force_fullwidth=&#8221;on&#8221; align_tablet=&#8221;center&#8221; align_phone=&#8221;&#8221; align_last_edited=&#8221;on|desktop&#8221; _builder_version=&#8221;4.7.0&#8243; custom_margin=&#8221;||50px|||&#8221; custom_padding=&#8221;||0px|||&#8221; animation_style=&#8221;slide&#8221; animation_direction=&#8221;left&#8221; animation_intensity_slide=&#8221;10%&#8221; animation_starting_opacity=&#8221;100%&#8221;][\/et_pb_image][\/et_pb_column][\/et_pb_row][et_pb_row column_structure=&#8221;1_4,1_4,1_4,1_4&#8243; _builder_version=&#8221;4.7.0&#8243; _module_preset=&#8221;default&#8221;][et_pb_column type=&#8221;1_4&#8243; _builder_version=&#8221;4.7.0&#8243; _module_preset=&#8221;default&#8221;][et_pb_image src=&#8221;https:\/\/gwenaellepersiaux.com\/wp-content\/uploads\/2023\/09\/1693816238443-scaled.jpg&#8221; title_text=&#8221;1693816238443&#8243; _builder_version=&#8221;4.7.0&#8243; _module_preset=&#8221;default&#8221;][\/et_pb_image][\/et_pb_column][et_pb_column type=&#8221;1_4&#8243; _builder_version=&#8221;4.7.0&#8243; _module_preset=&#8221;default&#8221;][et_pb_image src=&#8221;https:\/\/gwenaellepersiaux.com\/wp-content\/uploads\/2023\/09\/1693816238439-scaled.jpg&#8221; title_text=&#8221;1693816238439&#8243; _builder_version=&#8221;4.7.0&#8243; _module_preset=&#8221;default&#8221;][\/et_pb_image][\/et_pb_column][et_pb_column type=&#8221;1_4&#8243; _builder_version=&#8221;4.7.0&#8243; _module_preset=&#8221;default&#8221;][et_pb_image src=&#8221;https:\/\/gwenaellepersiaux.com\/wp-content\/uploads\/2023\/09\/1693816238434-scaled.jpg&#8221; title_text=&#8221;1693816238434&#8243; _builder_version=&#8221;4.7.0&#8243; _module_preset=&#8221;default&#8221;][\/et_pb_image][\/et_pb_column][et_pb_column type=&#8221;1_4&#8243; _builder_version=&#8221;4.7.0&#8243; _module_preset=&#8221;default&#8221;][et_pb_image src=&#8221;https:\/\/gwenaellepersiaux.com\/wp-content\/uploads\/2023\/09\/1693816238431-scaled.jpg&#8221; title_text=&#8221;1693816238431&#8243; _builder_version=&#8221;4.7.0&#8243; _module_preset=&#8221;default&#8221;][\/et_pb_image][\/et_pb_column][\/et_pb_row][et_pb_row column_structure=&#8221;1_4,1_4,1_4,1_4&#8243; _builder_version=&#8221;4.7.0&#8243; _module_preset=&#8221;default&#8221;][et_pb_column type=&#8221;1_4&#8243; _builder_version=&#8221;4.7.0&#8243; _module_preset=&#8221;default&#8221;][et_pb_image src=&#8221;https:\/\/gwenaellepersiaux.com\/wp-content\/uploads\/2022\/08\/20220725_210604.jpg&#8221; title_text=&#8221;20220725_210604&#8243; _builder_version=&#8221;4.7.0&#8243; _module_preset=&#8221;default&#8221;][\/et_pb_image][\/et_pb_column][et_pb_column type=&#8221;1_4&#8243; _builder_version=&#8221;4.7.0&#8243; _module_preset=&#8221;default&#8221;][et_pb_image src=&#8221;https:\/\/gwenaellepersiaux.com\/wp-content\/uploads\/2022\/08\/8882fbaf-0aae-4a39-ab05-23e372419bdb.jpg&#8221; title_text=&#8221;8882fbaf-0aae-4a39-ab05-23e372419bdb&#8221; _builder_version=&#8221;4.7.0&#8243; _module_preset=&#8221;default&#8221;][\/et_pb_image][\/et_pb_column][et_pb_column type=&#8221;1_4&#8243; _builder_version=&#8221;4.7.0&#8243; _module_preset=&#8221;default&#8221;][et_pb_image src=&#8221;https:\/\/gwenaellepersiaux.com\/wp-content\/uploads\/2022\/08\/1.jpg&#8221; title_text=&#8221;1&#8243; _builder_version=&#8221;4.7.0&#8243; _module_preset=&#8221;default&#8221;][\/et_pb_image][\/et_pb_column][et_pb_column type=&#8221;1_4&#8243; _builder_version=&#8221;4.7.0&#8243; _module_preset=&#8221;default&#8221;][et_pb_image src=&#8221;https:\/\/gwenaellepersiaux.com\/wp-content\/uploads\/2023\/09\/1693816238425-scaled.jpg&#8221; title_text=&#8221;1693816238425&#8243; _builder_version=&#8221;4.7.0&#8243; _module_preset=&#8221;default&#8221;][\/et_pb_image][\/et_pb_column][\/et_pb_row][et_pb_row column_structure=&#8221;1_4,1_4,1_4,1_4&#8243; _builder_version=&#8221;4.7.0&#8243; _module_preset=&#8221;default&#8221;][et_pb_column type=&#8221;1_4&#8243; _builder_version=&#8221;4.7.0&#8243; _module_preset=&#8221;default&#8221;][et_pb_image src=&#8221;https:\/\/gwenaellepersiaux.com\/wp-content\/uploads\/2023\/09\/1693816238409-scaled.jpg&#8221; title_text=&#8221;1693816238409&#8243; _builder_version=&#8221;4.7.0&#8243; _module_preset=&#8221;default&#8221;][\/et_pb_image][\/et_pb_column][et_pb_column type=&#8221;1_4&#8243; _builder_version=&#8221;4.7.0&#8243; _module_preset=&#8221;default&#8221;][et_pb_image src=&#8221;https:\/\/gwenaellepersiaux.com\/wp-content\/uploads\/2023\/09\/preaux-3.jpeg&#8221; title_text=&#8221;pr\u00e9aux 3&#8243; _builder_version=&#8221;4.7.0&#8243; _module_preset=&#8221;default&#8221;][\/et_pb_image][\/et_pb_column][et_pb_column type=&#8221;1_4&#8243; _builder_version=&#8221;4.7.0&#8243; _module_preset=&#8221;default&#8221;][et_pb_image src=&#8221;https:\/\/gwenaellepersiaux.com\/wp-content\/uploads\/2023\/09\/1693816238434-scaled.jpg&#8221; title_text=&#8221;1693816238434&#8243; _builder_version=&#8221;4.7.0&#8243; _module_preset=&#8221;default&#8221;][\/et_pb_image][\/et_pb_column][et_pb_column type=&#8221;1_4&#8243; _builder_version=&#8221;4.7.0&#8243; _module_preset=&#8221;default&#8221;][et_pb_image src=&#8221;https:\/\/gwenaellepersiaux.com\/wp-content\/uploads\/2023\/09\/preaux-scaled.jpg&#8221; title_text=&#8221;pr\u00e9aux&#8221; _builder_version=&#8221;4.7.0&#8243; _module_preset=&#8221;default&#8221;][\/et_pb_image][\/et_pb_column][\/et_pb_row][et_pb_row _builder_version=&#8221;4.7.0&#8243; _module_preset=&#8221;default&#8221;][et_pb_column type=&#8221;4_4&#8243; _builder_version=&#8221;4.7.0&#8243; _module_preset=&#8221;default&#8221;][et_pb_image src=&#8221;https:\/\/gwenaellepersiaux.com\/wp-content\/uploads\/2023\/09\/1693816238417-scaled.jpg&#8221; title_text=&#8221;1693816238417&#8243; _builder_version=&#8221;4.7.0&#8243; _module_preset=&#8221;default&#8221;][\/et_pb_image][\/et_pb_column][\/et_pb_row][\/et_pb_section][et_pb_section fb_built=&#8221;1&#8243; _builder_version=&#8221;4.7.0&#8243; _module_preset=&#8221;default&#8221;][et_pb_row _builder_version=&#8221;4.7.0&#8243; _module_preset=&#8221;default&#8221;][et_pb_column type=&#8221;4_4&#8243; _builder_version=&#8221;4.7.0&#8243; _module_preset=&#8221;default&#8221;][et_pb_comments show_avatar=&#8221;off&#8221; show_reply=&#8221;off&#8221; show_count=&#8221;off&#8221; _builder_version=&#8221;4.7.0&#8243; _module_preset=&#8221;default&#8221; custom_button=&#8221;on&#8221; button_text_size=&#8221;15px&#8221; button_text_color=&#8221;#000000&#8243; button_border_width=&#8221;1px&#8221;][\/et_pb_comments][\/et_pb_column][\/et_pb_row][\/et_pb_section]<\/p>\n","protected":false},"excerpt":{"rendered":"<p>[et_pb_section fb_built=&#8221;1&#8243; admin_label=&#8221;Hero Section&#8221; _builder_version=&#8221;4.7.0&#8243; use_background_color_gradient=&#8221;on&#8221; background_color_gradient_start=&#8221;rgba(244,240,233,0.9)&#8221; background_color_gradient_end=&#8221;rgba(244,240,233,0)&#8221; background_color_gradient_direction=&#8221;90deg&#8221; background_color_gradient_start_position=&#8221;30%&#8221; background_color_gradient_overlays_image=&#8221;on&#8221; background_image=&#8221;https:\/\/gwenaellepersiaux.com\/wp-content\/uploads\/2021\/05\/poppy-2989645_1920.jpg&#8221; custom_margin=&#8221;|||&#8221; custom_padding=&#8221;119px|0px|119px|0px&#8221;][et_pb_row custom_padding_last_edited=&#8221;off|desktop&#8221; admin_label=&#8221;Hero Area&#8221; _builder_version=&#8221;3.25&#8243; custom_padding=&#8221;27px|0px|0px|0px&#8221;][et_pb_column type=&#8221;4_4&#8243; _builder_version=&#8221;3.25&#8243; custom_padding=&#8221;|||&#8221; custom_padding__hover=&#8221;|||&#8221;][et_pb_text admin_label=&#8221;Hero Title&#8221; _builder_version=&#8221;4.7.0&#8243; text_font=&#8221;Playfair Display||||||||&#8221; header_font=&#8221;Alice||||||||&#8221; header_font_size=&#8221;80px&#8221; header_letter_spacing=&#8221;-3px&#8221; header_line_height=&#8221;1.1em&#8221; custom_margin=&#8221;||0px|&#8221; custom_padding=&#8221;|||&#8221; animation_style=&#8221;slide&#8221; animation_direction=&#8221;left&#8221; animation_intensity_slide=&#8221;5%&#8221; animation_starting_opacity=&#8221;100%&#8221; text_font_size_last_edited=&#8221;off|desktop&#8221; header_font_size_tablet=&#8221;&#8221; header_font_size_phone=&#8221;60px&#8221; header_font_size_last_edited=&#8221;on|phone&#8221;] Stages th\u00e9rapeutiques : [\/et_pb_text][\/et_pb_column][\/et_pb_row][et_pb_row _builder_version=&#8221;4.7.0&#8243; _module_preset=&#8221;default&#8221; custom_padding=&#8221;1px|||||&#8221;][et_pb_column type=&#8221;4_4&#8243; _builder_version=&#8221;4.7.0&#8243; _module_preset=&#8221;default&#8221;][et_pb_text _builder_version=&#8221;4.7.0&#8243; _module_preset=&#8221;default&#8221;] Voyage [&hellip;]<\/p>\n","protected":false},"author":1,"featured_media":0,"parent":0,"menu_order":0,"comment_status":"open","ping_status":"closed","template":"","meta":{"_et_pb_use_builder":"on","_et_pb_old_content":"","_et_gb_content_width":""},"_links":{"self":[{"href":"https:\/\/gwenaellepersiaux.com\/index.php?rest_route=\/wp\/v2\/pages\/731"}],"collection":[{"href":"https:\/\/gwenaellepersiaux.com\/index.php?rest_route=\/wp\/v2\/pages"}],"about":[{"href":"https:\/\/gwenaellepersiaux.com\/index.php?rest_route=\/wp\/v2\/types\/page"}],"author":[{"embeddable":true,"href":"https:\/\/gwenaellepersiaux.com\/index.php?rest_route=\/wp\/v2\/users\/1"}],"replies":[{"embeddable":true,"href":"https:\/\/gwenaellepersiaux.com\/index.php?rest_route=%2Fwp%2Fv2%2Fcomments&post=731"}],"version-history":[{"count":86,"href":"https:\/\/gwenaellepersiaux.com\/index.php?rest_route=\/wp\/v2\/pages\/731\/revisions"}],"predecessor-version":[{"id":2116,"href":"https:\/\/gwenaellepersiaux.com\/index.php?rest_route=\/wp\/v2\/pages\/731\/revisions\/2116"}],"wp:attachment":[{"href":"https:\/\/gwenaellepersiaux.com\/index.php?rest_route=%2Fwp%2Fv2%2Fmedia&parent=731"}],"curies":[{"name":"wp","href":"https:\/\/api.w.org\/{rel}","templated":true}]}}