{"id":30,"date":"2020-11-16T11:37:56","date_gmt":"2020-11-16T10:37:56","guid":{"rendered":"https:\/\/gwenaellepersiaux.com\/?page_id=30"},"modified":"2026-02-28T08:50:07","modified_gmt":"2026-02-28T07:50:07","slug":"qui-suis-je","status":"publish","type":"page","link":"https:\/\/gwenaellepersiaux.com\/?page_id=30","title":{"rendered":"Qui suis-je"},"content":{"rendered":"<p>[et_pb_section fb_built=&#8221;1&#8243; _builder_version=&#8221;4.7.0&#8243; _module_preset=&#8221;default&#8221; background_color=&#8221;rgba(244,240,233,0.9)&#8221; custom_padding=&#8221;||3px|||&#8221;][et_pb_row column_structure=&#8221;2_5,3_5&#8243; _builder_version=&#8221;4.7.0&#8243; _module_preset=&#8221;default&#8221;][et_pb_column type=&#8221;2_5&#8243; _builder_version=&#8221;4.7.0&#8243; _module_preset=&#8221;default&#8221;][et_pb_image src=&#8221;https:\/\/gwenaellepersiaux.com\/wp-content\/uploads\/2026\/02\/0692web.jpg&#8221; title_text=&#8221;0692web&#8221; align_tablet=&#8221;center&#8221; align_phone=&#8221;&#8221; align_last_edited=&#8221;on|desktop&#8221; _builder_version=&#8221;4.7.0&#8243; width=&#8221;63%&#8221; max_width=&#8221;75%&#8221; animation_style=&#8221;slide&#8221; animation_direction=&#8221;left&#8221; animation_intensity_slide=&#8221;10%&#8221; animation_starting_opacity=&#8221;100%&#8221; hover_enabled=&#8221;0&#8243; sticky_enabled=&#8221;0&#8243;][\/et_pb_image][\/et_pb_column][et_pb_column type=&#8221;3_5&#8243; _builder_version=&#8221;4.7.0&#8243; _module_preset=&#8221;default&#8221;][et_pb_divider color=&#8221;#000000&#8243; divider_weight=&#8221;3px&#8221; _builder_version=&#8221;3.2&#8243; max_width=&#8221;50px&#8221; custom_margin=&#8221;||10px|&#8221; animation_style=&#8221;fold&#8221; animation_direction=&#8221;left&#8221; animation_starting_opacity=&#8221;100%&#8221;][\/et_pb_divider][et_pb_text admin_label=&#8221;Hero Title&#8221; _builder_version=&#8221;4.7.0&#8243; text_font=&#8221;Playfair Display||||||||&#8221; header_font=&#8221;Alice||||||||&#8221; header_font_size=&#8221;80px&#8221; header_letter_spacing=&#8221;-3px&#8221; header_line_height=&#8221;1.1em&#8221; custom_margin=&#8221;0px||27px|||&#8221; custom_padding=&#8221;|||&#8221; animation_style=&#8221;slide&#8221; animation_direction=&#8221;left&#8221; animation_intensity_slide=&#8221;5%&#8221; animation_starting_opacity=&#8221;100%&#8221; text_font_size_last_edited=&#8221;off|desktop&#8221; header_font_size_tablet=&#8221;&#8221; header_font_size_phone=&#8221;60px&#8221; header_font_size_last_edited=&#8221;on|phone&#8221;]<\/p>\n<h1>Qui suis-je ?<\/h1>\n<p>[\/et_pb_text][et_pb_text _builder_version=&#8221;4.7.0&#8243; text_font=&#8221;||||||||&#8221; text_text_color=&#8221;#000000&#8243; text_font_size=&#8221;18px&#8221; text_line_height=&#8221;1.8em&#8221; header_font=&#8221;||||||||&#8221; header_2_font=&#8221;Alice||||||||&#8221; header_2_font_size=&#8221;60px&#8221; header_2_line_height=&#8221;1.3em&#8221; custom_margin=&#8221;42px|||||&#8221; custom_padding=&#8221;|||&#8221; animation_style=&#8221;fold&#8221; animation_direction=&#8221;bottom&#8221; animation_starting_opacity=&#8221;100%&#8221;]<\/p>\n<p style=\"text-align: justify;\">Psychologue clinicienne, psychoth\u00e9rapeute et formatrice, je suis aussi une femme engag\u00e9e pour le d\u00e9veloppement des potentiels de chacun et la construction d\u2019un monde plus serein.<\/p>\n<p>[\/et_pb_text][\/et_pb_column][\/et_pb_row][\/et_pb_section][et_pb_section fb_built=&#8221;1&#8243; _builder_version=&#8221;4.7.0&#8243; _module_preset=&#8221;default&#8221; custom_padding=&#8221;0px||2px|||&#8221;][et_pb_row _builder_version=&#8221;4.7.0&#8243; _module_preset=&#8221;default&#8221;][et_pb_column type=&#8221;4_4&#8243; _builder_version=&#8221;4.7.0&#8243; _module_preset=&#8221;default&#8221;][et_pb_text _builder_version=&#8221;4.7.0&#8243; text_font=&#8221;||||||||&#8221; text_text_color=&#8221;#000000&#8243; text_font_size=&#8221;16px&#8221; text_line_height=&#8221;1.8em&#8221; header_font=&#8221;||||||||&#8221; header_2_font=&#8221;Alice||||||||&#8221; header_2_font_size=&#8221;60px&#8221; header_2_line_height=&#8221;1.3em&#8221; custom_margin=&#8221;21px|||||&#8221; custom_padding=&#8221;|||&#8221; animation_style=&#8221;fold&#8221; animation_direction=&#8221;bottom&#8221; animation_starting_opacity=&#8221;100%&#8221;]<\/p>\n<p style=\"text-align: justify;\">Apr\u00e8s une premi\u00e8re carri\u00e8re d\u2019une dizaine d\u2019ann\u00e9es en marketing dans l\u2019agroalimentaire, durant laquelle j\u2019ai repris des \u00e9tudes \u00e0 l\u2019universit\u00e9 de Paris 8 et dans diff\u00e9rentes \u00e9coles priv\u00e9es de psychoth\u00e9rapie, je suis devenue psychologue en 2011. A ma plus grande joie\u00a0! Cette reconversion \u00e0 180 degr\u00e9s m\u2019a confort\u00e9e dans une philosophie de \u00ab\u00a0tout est possible\u00a0\u00bb qui me porte dans mes accompagnements et mes transmissions.<\/p>\n<p style=\"text-align: justify;\">Avoir connu le monde de l\u2019entreprise et du business-is-business m\u2019a appris \u00e0 mieux conna\u00eetre mes valeurs profondes et \u00e0 d\u00e9finir mes priorit\u00e9s de vie tant personnelles que professionnelles. Pour la jeune femme assez dissoci\u00e9e \u00e9motionnellement que j\u2019\u00e9tais \u00e0 l\u2019\u00e9poque, cette entr\u00e9e dans la mati\u00e8re, plus virtuelle qu\u2019autre chose, \u00e9tait probablement un passage oblig\u00e9 pour appr\u00e9hender la nature humaine et plus tard savoir ce que je voulais \u00ab\u00a0faire de ma vie\u00a0\u00bb (et ne pas faire). Je n\u2019oublie pas non plus les voyages sympathiques, les moments de rires avec mes coll\u00e8gues-amis en open-space et autres instants de complicit\u00e9 qui restent de bons souvenirs de ce qui aujourd\u2019hui me para\u00eet \u00eatre une autre vie, un autre moi.<\/p>\n<p style=\"text-align: justify;\">A ce jour plusieurs grandes d\u00e9couvertes ont construit ma philosophie de soignante et r\u00e9v\u00e9l\u00e9 peu \u00e0 peu la personne que je suis et ses missions ici-bas sur notre petite plan\u00e8te.<\/p>\n<p style=\"text-align: justify;\">La psychologie \u00e9nerg\u00e9tique avec l\u2019EFT (Emotional Freedom Techniques) m\u2019a ouvert les portes de mon corps. En 2012, mes premi\u00e8res s\u00e9ances de th\u00e9rapie et mes premi\u00e8res formations furent un choc, car jusque-l\u00e0 je n\u2019avais \u00ab\u00a0travaill\u00e9\u00a0sur moi\u00a0\u00bb que par la parole, l\u2019analyse et le narratif. Bien log\u00e9e alors dans mon mental et ma part \u00e9vitante, cela me convenait fort bien. Seulement mon quotidien et mes difficult\u00e9s \u00e9motionnelles et relationnelles n\u2019\u00e9voluaient gu\u00e8re, alors que j\u2019estimais (tout-de-m\u00eame\u00a0!) avoir compris beaucoup de choses de mon histoire et de ma construction psychique. La rencontre avec l\u2019EFT a ainsi \u00e9t\u00e9 un tournant majeur dans mon processus de lib\u00e9ration. Gratitude toujours envers Marion Blique, ma th\u00e9rapeute et formatrice, ma \u00ab\u00a0m\u00e8re suffisamment bonne\u00a0\u00bb d\u2019alors, qui m\u2019a port\u00e9e et apport\u00e9 beaucoup\u00a0!<\/p>\n<p style=\"text-align: justify;\">Le mouvement libre, la danse et notamment la transe danse font partie \u00e9galement des cadeaux que j\u2019ai re\u00e7us sur ma route. Je remercie V\u00e9ronique Pioch, accompagnatrice de talent sur les chemins int\u00e9rieurs, qui au long des ann\u00e9es de stages \u00e0 ses c\u00f4t\u00e9s m\u2019a amen\u00e9e dans des profondeurs insoup\u00e7onn\u00e9es de mon \u00eatre. Ces profondeurs o\u00f9 se nichent des douleurs tout aussi immenses que la lumi\u00e8re qui en jaillit quand on parvient \u00e0 les contacter, les embrasser et les traverser. Danser et se laisser danser par ce qui est l\u00e0, que ce soient une \u00e9motion forte, de l\u2019ennui ou m\u00eame une pens\u00e9e qui finira par s\u2019incarner sont de formidables moteurs de gu\u00e9rison des zones souffrantes. En avoir fait l\u2019exp\u00e9rience transformatrice me permet d\u2019amener ceux qui me font confiance \u00e0 ces endroits parfois inqui\u00e9tants mais toujours magiques au final.<\/p>\n<p style=\"text-align: justify;\">Enfin l\u2019approche spirituelle de la th\u00e9rapie avec le chamanisme en particulier est le chemin d\u2019acc\u00e8s \u00e0 moi-m\u00eame qui r\u00e9sonne le plus juste et le plus puissamment en moi aujourd\u2019hui. C\u2019est un retour aux sources car tr\u00e8s jeune j\u2019\u00e9tais d\u00e9j\u00e0 attir\u00e9e par le monde subtil, ses myst\u00e8res et ses richesses, au-del\u00e0 de l\u2019\u00e9ducation jud\u00e9o-chr\u00e9tienne classique et peu incarn\u00e9e dans laquelle j\u2019avais grandi. Je me souviens encore des livres de la collection rouge de J\u2019ai lu, comme La proph\u00e9tie des Andes ou Le guerrier pacifique, que je lisais \u00e0 17-18 ans, fascin\u00e9e mais aussi tellement d\u00e9contenanc\u00e9e que j\u2019ai ensuite mis cela de c\u00f4t\u00e9 pendant des ann\u00e9es. Les retrouvailles en ont \u00e9t\u00e9 d\u2019autant plus \u00e9mouvantes. Mes pens\u00e9es de remerciements ici pour Frank Biro, Liliane Van der Velde et Fr\u00e9d\u00e9ric Cherri, et plus chaleureusement encore \u00e0 Beata Alfoldi qui me transmet avec puissance et chaleur les subtilit\u00e9s des soins chamaniques. Depuis 2022, je d\u00e9couvre la Respiration Holotropique et la pratique approfondie des \u00e9tats \u00e9largis de conscience, de nouvelles portes passionnantes qui s&#8217;ouvrent \u00e0 moi, gratitude&#8230;<\/p>\n<p style=\"text-align: justify;\">Je suis de ceux et celles qui voient l\u2019humain comme un tout, esprit-corps-\u00e2me, et l\u2019accompagnement des personnes comme une int\u00e9gration de ces diff\u00e9rents plans. J\u2019essaie dans ma propre vie d\u2019accorder une place \u00e0 ces parts de moi qui ont toutes besoin de mon attention, de mon temps et de mon \u00e9nergie. Selon les p\u00e9riodes, j\u2019y r\u00e9ussis avec plus ou moins de succ\u00e8s mais le cap est l\u00e0 et m\u2019occuper des autres pour qu\u2019ils prennent soin de leur compl\u00e9tude nourrit la mienne.<\/p>\n<p>[\/et_pb_text][\/et_pb_column][\/et_pb_row][\/et_pb_section][et_pb_section fb_built=&#8221;1&#8243; admin_label=&#8221;About Us Section&#8221; _builder_version=&#8221;3.22&#8243; custom_padding=&#8221;32px||94px|||&#8221;][et_pb_row column_structure=&#8221;1_2,1_2&#8243; admin_label=&#8221;About Us Area&#8221; _builder_version=&#8221;4.7.0&#8243; custom_margin=&#8221;|||&#8221; custom_padding=&#8221;27px|0px|0px|0px&#8221;][et_pb_column type=&#8221;1_2&#8243; _builder_version=&#8221;3.25&#8243; custom_padding=&#8221;|||&#8221; custom_padding__hover=&#8221;|||&#8221;][\/et_pb_column][et_pb_column type=&#8221;1_2&#8243; _builder_version=&#8221;3.25&#8243; custom_padding=&#8221;|||&#8221; custom_padding__hover=&#8221;|||&#8221;][\/et_pb_column][\/et_pb_row][\/et_pb_section][et_pb_section fb_built=&#8221;1&#8243; admin_label=&#8221;Hero Section&#8221; _builder_version=&#8221;4.7.0&#8243; use_background_color_gradient=&#8221;on&#8221; background_color_gradient_start=&#8221;rgba(244,240,233,0.9)&#8221; background_color_gradient_end=&#8221;rgba(244,240,233,0)&#8221; background_color_gradient_direction=&#8221;90deg&#8221; background_color_gradient_start_position=&#8221;30%&#8221; background_color_gradient_overlays_image=&#8221;on&#8221; background_image=&#8221;https:\/\/gwenaellepersiaux.com\/wp-content\/uploads\/2020\/11\/thread-5248183_1920.jpg&#8221; custom_margin=&#8221;23px|||||&#8221; custom_padding=&#8221;119px|0px|119px|0px&#8221;][et_pb_row custom_padding_last_edited=&#8221;off|desktop&#8221; admin_label=&#8221;Hero Area&#8221; _builder_version=&#8221;3.25&#8243; custom_padding=&#8221;27px|0px|0px|0px&#8221;][et_pb_column type=&#8221;4_4&#8243; _builder_version=&#8221;3.25&#8243; custom_padding=&#8221;|||&#8221; custom_padding__hover=&#8221;|||&#8221;][et_pb_text admin_label=&#8221;Hero Title&#8221; _builder_version=&#8221;4.7.0&#8243; text_font=&#8221;Playfair Display||||||||&#8221; header_font=&#8221;Alice||||||||&#8221; header_font_size=&#8221;80px&#8221; header_letter_spacing=&#8221;-3px&#8221; header_line_height=&#8221;1.1em&#8221; custom_margin=&#8221;||0px|&#8221; custom_padding=&#8221;|||&#8221; animation_style=&#8221;slide&#8221; animation_direction=&#8221;left&#8221; animation_intensity_slide=&#8221;5%&#8221; animation_starting_opacity=&#8221;100%&#8221; text_font_size_last_edited=&#8221;off|desktop&#8221; header_font_size_tablet=&#8221;&#8221; header_font_size_phone=&#8221;60px&#8221; header_font_size_last_edited=&#8221;on|phone&#8221;]<\/p>\n<h1>Formations<\/h1>\n<p>[\/et_pb_text][\/et_pb_column][\/et_pb_row][\/et_pb_section][et_pb_section fb_built=&#8221;1&#8243; _builder_version=&#8221;4.7.0&#8243; _module_preset=&#8221;default&#8221; custom_padding=&#8221;0px|||||&#8221;][et_pb_row _builder_version=&#8221;4.7.0&#8243; _module_preset=&#8221;default&#8221;][et_pb_column type=&#8221;4_4&#8243; _builder_version=&#8221;4.7.0&#8243; _module_preset=&#8221;default&#8221;][et_pb_text _builder_version=&#8221;4.7.0&#8243; text_font=&#8221;||||||||&#8221; text_text_color=&#8221;#000000&#8243; text_font_size=&#8221;16px&#8221; text_line_height=&#8221;1.8em&#8221; header_font=&#8221;||||||||&#8221; header_2_font=&#8221;Alice||||||||&#8221; header_2_font_size=&#8221;60px&#8221; header_2_line_height=&#8221;1.3em&#8221; custom_margin=&#8221;21px|||||&#8221; custom_padding=&#8221;|||&#8221; animation_style=&#8221;fold&#8221; animation_direction=&#8221;bottom&#8221; animation_starting_opacity=&#8221;100%&#8221;]<\/p>\n<p style=\"text-align: justify;\">&#8211; Master II Psychologie clinique, Psychopathologie et Psychot\u00e9rapie. Universit\u00e9 Paris 8, 2011<\/p>\n<p style=\"text-align: justify;\">&#8211; PNL (Programmation Neuro Linguistique), form\u00e9e par CAPNL, Paris, 2001-2003 .<\/p>\n<p style=\"text-align: justify;\">&#8211; Danse-th\u00e9rapie, form\u00e9e par V\u00e9ronique Pioch (pratique de Danser et Etre dans\u00e9), Dr\u00f4me, 2008-2015<\/p>\n<p style=\"text-align: justify;\">&#8211; Th\u00e9rapie Syst\u00e9mique Br\u00e8ve orient\u00e9e vers les Solutions, form\u00e9e par Pascal Soubeyrand, Lyon, 2010-2012.<\/p>\n<p style=\"text-align: justify;\">&#8211; Hypnose Ericksonienne, form\u00e9e par Dr Bellet, Vaison-la-Romaine, 2012.<\/p>\n<p style=\"text-align: justify;\">&#8211; Psychologie \u00e9nerg\u00e9tique\u00a0: EFT (Emotional Freedom Techniques) et Matrix Reimprinting, form\u00e9e par Marion Blique, IFPEC, Paris, 2012-2014.<\/p>\n<p style=\"text-align: justify;\">&#8211; DU Attachement\u00a0: th\u00e9orie et clinique, Universit\u00e9 de Paris 7, sous la direction d\u2019Antoine et de Nicole Gu\u00e9deney, 2015-2016<\/p>\n<p style=\"text-align: justify;\">&#8211; AEDP (Accelerated Experiental Dynamic Psychotherapy) de Diana Fosha\u00a0: 2016-2018<\/p>\n<p style=\"text-align: justify;\">&#8211; Stages de chamanisme avec Liliane Van der Velde (Nature Conscience et Chamanisme) et Fr\u00e9d\u00e9ric Cherri\u00a0: 2015\/2016 et 2021<\/p>\n<p style=\"text-align: justify;\">&#8211; Accredited Shamanic Practitioner Certification de Beata Alfoldi : 2021-2022<\/p>\n<p style=\"text-align: justify;\">&#8211; Respiration Holotropique avec le Ceshum, form\u00e9e par Brigitte Chavas et Jean-Fr\u00e9d\u00e9ric Motchane : 2022-2023. Certifi\u00e9e Th\u00e9rapeute facilitatrice &#8220;Grof Breathwork&#8221; en mars 2025<\/p>\n<p style=\"text-align: justify;\">\n<p>[\/et_pb_text][\/et_pb_column][\/et_pb_row][\/et_pb_section][et_pb_section fb_built=&#8221;1&#8243; _builder_version=&#8221;4.7.0&#8243; _module_preset=&#8221;default&#8221; background_color=&#8221;rgba(244,240,233,0.9)&#8221;][et_pb_row column_structure=&#8221;2_5,3_5&#8243; _builder_version=&#8221;4.7.0&#8243; _module_preset=&#8221;default&#8221; custom_margin=&#8221;-2px|auto||auto||&#8221; border_width_all=&#8221;1px&#8221;][et_pb_column type=&#8221;2_5&#8243; _builder_version=&#8221;4.7.0&#8243; _module_preset=&#8221;default&#8221; custom_padding=&#8221;||0px|15px|false|false&#8221;][et_pb_image src=&#8221;https:\/\/gwenaellepersiaux.com\/wp-content\/uploads\/2020\/11\/Logo_web_oya_formations.png&#8221; title_text=&#8221;Logo_web_oya_formations&#8221; _builder_version=&#8221;4.7.0&#8243; _module_preset=&#8221;default&#8221; width=&#8221;53%&#8221; custom_margin=&#8221;|315px||||&#8221;][\/et_pb_image][\/et_pb_column][et_pb_column type=&#8221;3_5&#8243; _builder_version=&#8221;4.7.0&#8243; _module_preset=&#8221;default&#8221; custom_padding=&#8221;|15px|||false|false&#8221;][et_pb_text _builder_version=&#8221;4.7.0&#8243; text_font=&#8221;||||||||&#8221; text_text_color=&#8221;#000000&#8243; text_font_size=&#8221;16px&#8221; text_line_height=&#8221;1.8em&#8221; header_font=&#8221;||||||||&#8221; header_2_font=&#8221;Alice||||||||&#8221; header_2_font_size=&#8221;60px&#8221; header_2_line_height=&#8221;1.3em&#8221; custom_margin=&#8221;-3px|||-184px||&#8221; custom_padding=&#8221;|||&#8221; animation_style=&#8221;fold&#8221; animation_direction=&#8221;bottom&#8221; animation_starting_opacity=&#8221;100%&#8221;]<\/p>\n<p style=\"text-align: justify;\">Si vous \u00eates professionnel de la relation d\u2019aide, vous serez peut-\u00eatre int\u00e9ress\u00e9(e) pour d\u00e9couvrir mes activit\u00e9s de formatrice au sein d\u2019OYA Formations, organisme que j\u2019ai fond\u00e9 en 2017 avec mon amie Yoanna Micoud.<\/p>\n<p>Je propose des formations en psychologie \u00e9nerg\u00e9tique (EFT), sur la psychopathologie et sur la relation th\u00e9rapeutique bas\u00e9e sur l\u2019attachement.<\/p>\n<p>Toutes les infos sur : oyaformations.com<\/p>\n<p>[\/et_pb_text][et_pb_button button_url=&#8221;https:\/\/oyaformations.com\/&#8221; url_new_window=&#8221;on&#8221; button_text=&#8221;En savoir plus&#8221; _builder_version=&#8221;4.7.0&#8243; _module_preset=&#8221;default&#8221; custom_button=&#8221;on&#8221; button_text_size=&#8221;14px&#8221; button_text_color=&#8221;#000000&#8243; button_border_width=&#8221;1px&#8221; custom_margin=&#8221;|||-186px||&#8221; button_border_color_tablet=&#8221;&#8221; button_border_color_phone=&#8221;&#8221; button_border_color_last_edited=&#8221;on|desktop&#8221;][\/et_pb_button][\/et_pb_column][\/et_pb_row][\/et_pb_section][et_pb_section fb_built=&#8221;1&#8243; admin_label=&#8221;Contact Section&#8221; _builder_version=&#8221;3.22&#8243; custom_margin=&#8221;-1px|||||&#8221; custom_padding=&#8221;61px||110px|||&#8221;][et_pb_row admin_label=&#8221;Title Area&#8221; _builder_version=&#8221;3.25&#8243;][et_pb_column type=&#8221;4_4&#8243; _builder_version=&#8221;3.25&#8243; custom_padding=&#8221;|||&#8221; custom_padding__hover=&#8221;|||&#8221;][et_pb_text admin_label=&#8221;Title&#8221; _builder_version=&#8221;4.7.0&#8243; text_font=&#8221;||||||||&#8221; header_font=&#8221;||||||||&#8221; header_2_font=&#8221;Alice||||||||&#8221; header_2_text_align=&#8221;center&#8221; header_2_font_size=&#8221;42px&#8221; header_2_line_height=&#8221;1.3em&#8221; custom_margin=&#8221;||20px|&#8221; animation_style=&#8221;slide&#8221; animation_direction=&#8221;top&#8221; animation_intensity_slide=&#8221;30%&#8221; animation_starting_opacity=&#8221;100%&#8221;]<\/p>\n<h2>Contact<\/h2>\n<p>[\/et_pb_text][et_pb_text _builder_version=&#8221;4.7.0&#8243; text_font=&#8221;||||||||&#8221; text_text_color=&#8221;#000000&#8243; text_font_size=&#8221;16px&#8221; text_line_height=&#8221;1.8em&#8221; header_font=&#8221;||||||||&#8221; header_2_font=&#8221;Alice||||||||&#8221; header_2_font_size=&#8221;60px&#8221; header_2_line_height=&#8221;1.3em&#8221; text_orientation=&#8221;center&#8221; custom_margin=&#8221;21px|||||&#8221; custom_padding=&#8221;|||&#8221; animation_style=&#8221;fold&#8221; animation_direction=&#8221;bottom&#8221; animation_starting_opacity=&#8221;100%&#8221;]<\/p>\n<p style=\"text-align: justify;\">N&#8217;h\u00e9sitez pas \u00e0 me contacter par mail <a href=\"mailto:gwenaellepersiaux@gmail.com\">gwenaellepersiaux@gmail.com<\/a> ou par t\u00e9l\u00e9phone : 06 62 78 17 62.\u00a0<\/p>\n<p style=\"text-align: justify;\">Je ne prends plus de nouveau patient en consultation individuelle et n&#8217;ai pas de liste d&#8217;attente. Si vous voulez travailler avec moi, je vous invite \u00e0 venir en stages th\u00e9rapeutiques.\u00a0<\/p>\n<p>[\/et_pb_text][et_pb_divider color=&#8221;#2a2a2a&#8221; divider_weight=&#8221;3px&#8221; _builder_version=&#8221;3.2&#8243; max_width=&#8221;50px&#8221; module_alignment=&#8221;center&#8221; custom_margin=&#8221;||10px|&#8221; animation_style=&#8221;slide&#8221; animation_direction=&#8221;top&#8221; animation_intensity_slide=&#8221;30%&#8221; animation_starting_opacity=&#8221;100%&#8221;][\/et_pb_divider][\/et_pb_column][\/et_pb_row][\/et_pb_section]<\/p>\n","protected":false},"excerpt":{"rendered":"<p>[et_pb_section fb_built=&#8221;1&#8243; _builder_version=&#8221;4.7.0&#8243; _module_preset=&#8221;default&#8221; background_color=&#8221;rgba(244,240,233,0.9)&#8221; custom_padding=&#8221;||3px|||&#8221;][et_pb_row column_structure=&#8221;2_5,3_5&#8243; _builder_version=&#8221;4.7.0&#8243; _module_preset=&#8221;default&#8221;][et_pb_column type=&#8221;2_5&#8243; _builder_version=&#8221;4.7.0&#8243; _module_preset=&#8221;default&#8221;][et_pb_image src=&#8221;https:\/\/gwenaellepersiaux.com\/wp-content\/uploads\/2026\/02\/0692web.jpg&#8221; title_text=&#8221;0692web&#8221; align_tablet=&#8221;center&#8221; align_phone=&#8221;&#8221; align_last_edited=&#8221;on|desktop&#8221; _builder_version=&#8221;4.7.0&#8243; width=&#8221;63%&#8221; max_width=&#8221;75%&#8221; animation_style=&#8221;slide&#8221; animation_direction=&#8221;left&#8221; animation_intensity_slide=&#8221;10%&#8221; animation_starting_opacity=&#8221;100%&#8221; hover_enabled=&#8221;0&#8243; sticky_enabled=&#8221;0&#8243;][\/et_pb_image][\/et_pb_column][et_pb_column type=&#8221;3_5&#8243; _builder_version=&#8221;4.7.0&#8243; _module_preset=&#8221;default&#8221;][et_pb_divider color=&#8221;#000000&#8243; divider_weight=&#8221;3px&#8221; _builder_version=&#8221;3.2&#8243; max_width=&#8221;50px&#8221; custom_margin=&#8221;||10px|&#8221; animation_style=&#8221;fold&#8221; animation_direction=&#8221;left&#8221; animation_starting_opacity=&#8221;100%&#8221;][\/et_pb_divider][et_pb_text admin_label=&#8221;Hero Title&#8221; _builder_version=&#8221;4.7.0&#8243; text_font=&#8221;Playfair Display||||||||&#8221; header_font=&#8221;Alice||||||||&#8221; header_font_size=&#8221;80px&#8221; header_letter_spacing=&#8221;-3px&#8221; header_line_height=&#8221;1.1em&#8221; custom_margin=&#8221;0px||27px|||&#8221; custom_padding=&#8221;|||&#8221; animation_style=&#8221;slide&#8221; animation_direction=&#8221;left&#8221; animation_intensity_slide=&#8221;5%&#8221; animation_starting_opacity=&#8221;100%&#8221; text_font_size_last_edited=&#8221;off|desktop&#8221; header_font_size_tablet=&#8221;&#8221; header_font_size_phone=&#8221;60px&#8221; [&hellip;]<\/p>\n","protected":false},"author":1,"featured_media":0,"parent":0,"menu_order":0,"comment_status":"closed","ping_status":"closed","template":"","meta":{"_et_pb_use_builder":"on","_et_pb_old_content":"<!-- wp:divi\/placeholder \/-->","_et_gb_content_width":""},"_links":{"self":[{"href":"https:\/\/gwenaellepersiaux.com\/index.php?rest_route=\/wp\/v2\/pages\/30"}],"collection":[{"href":"https:\/\/gwenaellepersiaux.com\/index.php?rest_route=\/wp\/v2\/pages"}],"about":[{"href":"https:\/\/gwenaellepersiaux.com\/index.php?rest_route=\/wp\/v2\/types\/page"}],"author":[{"embeddable":true,"href":"https:\/\/gwenaellepersiaux.com\/index.php?rest_route=\/wp\/v2\/users\/1"}],"replies":[{"embeddable":true,"href":"https:\/\/gwenaellepersiaux.com\/index.php?rest_route=%2Fwp%2Fv2%2Fcomments&post=30"}],"version-history":[{"count":42,"href":"https:\/\/gwenaellepersiaux.com\/index.php?rest_route=\/wp\/v2\/pages\/30\/revisions"}],"predecessor-version":[{"id":2096,"href":"https:\/\/gwenaellepersiaux.com\/index.php?rest_route=\/wp\/v2\/pages\/30\/revisions\/2096"}],"wp:attachment":[{"href":"https:\/\/gwenaellepersiaux.com\/index.php?rest_route=%2Fwp%2Fv2%2Fmedia&parent=30"}],"curies":[{"name":"wp","href":"https:\/\/api.w.org\/{rel}","templated":true}]}}