{"id":26,"date":"2020-11-16T11:37:26","date_gmt":"2020-11-16T10:37:26","guid":{"rendered":"https:\/\/gwenaellepersiaux.com\/?page_id=26"},"modified":"2026-03-21T20:08:36","modified_gmt":"2026-03-21T19:08:36","slug":"supervisions","status":"publish","type":"page","link":"https:\/\/gwenaellepersiaux.com\/?page_id=26","title":{"rendered":"Supervisions"},"content":{"rendered":"<p>[et_pb_section fb_built=&#8221;1&#8243; admin_label=&#8221;Hero Section&#8221; _builder_version=&#8221;4.7.0&#8243; use_background_color_gradient=&#8221;on&#8221; background_color_gradient_start=&#8221;rgba(244,240,233,0.9)&#8221; background_color_gradient_end=&#8221;rgba(244,240,233,0)&#8221; background_color_gradient_direction=&#8221;90deg&#8221; background_color_gradient_start_position=&#8221;30%&#8221; background_color_gradient_overlays_image=&#8221;on&#8221; background_image=&#8221;https:\/\/gwenaellepersiaux.com\/wp-content\/uploads\/2020\/11\/tree-4637270_1920.jpg&#8221; custom_margin=&#8221;|||&#8221; custom_padding=&#8221;119px|0px|119px|0px&#8221;][et_pb_row custom_padding_last_edited=&#8221;off|desktop&#8221; admin_label=&#8221;Hero Area&#8221; _builder_version=&#8221;3.25&#8243; custom_padding=&#8221;27px|0px|0px|0px&#8221;][et_pb_column type=&#8221;4_4&#8243; _builder_version=&#8221;3.25&#8243; custom_padding=&#8221;|||&#8221; custom_padding__hover=&#8221;|||&#8221;][et_pb_text admin_label=&#8221;Hero Title&#8221; _builder_version=&#8221;4.7.0&#8243; text_font=&#8221;Playfair Display||||||||&#8221; header_font=&#8221;Alice||||||||&#8221; header_font_size=&#8221;80px&#8221; header_letter_spacing=&#8221;-3px&#8221; header_line_height=&#8221;1.1em&#8221; custom_margin=&#8221;||0px|&#8221; custom_padding=&#8221;|||&#8221; animation_style=&#8221;slide&#8221; animation_direction=&#8221;left&#8221; animation_intensity_slide=&#8221;5%&#8221; animation_starting_opacity=&#8221;100%&#8221; text_font_size_last_edited=&#8221;off|desktop&#8221; header_font_size_tablet=&#8221;&#8221; header_font_size_phone=&#8221;60px&#8221; header_font_size_last_edited=&#8221;on|phone&#8221;]<\/p>\n<h1>Supervisions Cliniques<\/h1>\n<p>[\/et_pb_text][\/et_pb_column][\/et_pb_row][\/et_pb_section][et_pb_section fb_built=&#8221;1&#8243; _builder_version=&#8221;4.7.0&#8243; _module_preset=&#8221;default&#8221; custom_padding=&#8221;50px||50px|||&#8221;][et_pb_row _builder_version=&#8221;4.7.0&#8243; _module_preset=&#8221;default&#8221;][et_pb_column type=&#8221;4_4&#8243; _builder_version=&#8221;4.7.0&#8243; _module_preset=&#8221;default&#8221;][et_pb_text _builder_version=&#8221;4.7.0&#8243; _module_preset=&#8221;default&#8221; text_text_color=&#8221;#000000&#8243; text_font_size=&#8221;16px&#8221; text_orientation=&#8221;justified&#8221;]<\/p>\n<p>En tant que th\u00e9rapeute, ou professionnel de la relation d\u2019aide en g\u00e9n\u00e9ral, nous sommes confront\u00e9s \u00e0 des situations avec nos patients qui nous questionnent et nous mettent parfois en difficult\u00e9s\u00a0: un suivi qui n\u2019avance pas, un contre-transfert excessivement n\u00e9gatif (ou positif\u00a0!), des comportements du patient d\u00e9rangeants ou questionnants, une pathologie mentale sous-jacente complexe, etc\u2026 Notre position de soignant peut \u00e9galement mise \u00e0 mal par certains contextes ou structures de personnalit\u00e9\u00a0: question du cadre, des m\u00e9thodes utilis\u00e9es, des contres-attitudes\u2026<\/p>\n<p>\u00c9changer sur ces d\u00e9fis, qui sont au final de formidables opportunit\u00e9s de grandir dans notre m\u00e9tier, dans le cadre d\u2019une supervision r\u00e9guli\u00e8re est une pratique indispensable pour tout soignant, gage de s\u00e9curit\u00e9 psychologique pour ses patients et pour lui-m\u00eame.<\/p>\n<p>[\/et_pb_text][\/et_pb_column][\/et_pb_row][\/et_pb_section][et_pb_section fb_built=&#8221;1&#8243; specialty=&#8221;on&#8221; background_color_2=&#8221;rgba(244,240,233,0.9)&#8221; padding_top_bottom_link_2=&#8221;false&#8221; padding_left_right_link_2=&#8221;false&#8221; padding_right_2=&#8221;20px&#8221; padding_left_2=&#8221;20px&#8221; _builder_version=&#8221;4.7.0&#8243; _module_preset=&#8221;default&#8221;][et_pb_column type=&#8221;2_3&#8243; specialty_columns=&#8221;2&#8243; _builder_version=&#8221;3.25&#8243; custom_padding=&#8221;|||&#8221; custom_padding__hover=&#8221;|||&#8221;][et_pb_row_inner _builder_version=&#8221;4.7.0&#8243; _module_preset=&#8221;default&#8221;][et_pb_column_inner saved_specialty_column_type=&#8221;2_3&#8243; _builder_version=&#8221;4.7.0&#8243; _module_preset=&#8221;default&#8221;][et_pb_divider color=&#8221;#000000&#8243; divider_weight=&#8221;3px&#8221; _builder_version=&#8221;3.2&#8243; max_width=&#8221;50px&#8221; custom_margin=&#8221;||10px|&#8221; animation_style=&#8221;fold&#8221; animation_direction=&#8221;left&#8221; animation_starting_opacity=&#8221;100%&#8221;][\/et_pb_divider][et_pb_text admin_label=&#8221;Title&#8221; _builder_version=&#8221;4.7.0&#8243; text_font=&#8221;||||||||&#8221; header_font=&#8221;||||||||&#8221; header_2_font=&#8221;Alice||||||||&#8221; header_2_font_size=&#8221;42px&#8221; header_2_line_height=&#8221;1.3em&#8221; custom_margin=&#8221;||20px|&#8221; animation_style=&#8221;slide&#8221; animation_direction=&#8221;top&#8221; animation_intensity_slide=&#8221;30%&#8221; animation_starting_opacity=&#8221;100%&#8221;]<\/p>\n<h2>Objectifs des s\u00e9ances :\u00a0<\/h2>\n<p>[\/et_pb_text][et_pb_text _builder_version=&#8221;4.7.0&#8243; text_font=&#8221;||||||||&#8221; text_text_color=&#8221;#000000&#8243; text_font_size=&#8221;16px&#8221; text_line_height=&#8221;1.8em&#8221; text_orientation=&#8221;justified&#8221; animation_style=&#8221;slide&#8221; animation_direction=&#8221;top&#8221; animation_intensity_slide=&#8221;10%&#8221; animation_starting_opacity=&#8221;100%&#8221;]<\/p>\n<p>\u00a0Il s\u2019agit d\u2019\u00e9changer sur les situations difficiles des participants pour lesquelles il y a un besoin d\u2019\u00e9clairage, par exemple sur la probl\u00e9matique psychique (ou psychopathologique parfois) du patient et\/ou la prise en charge, le plan de traitement.<\/p>\n<p>C\u2019est un espace de bienveillance et de respect mutuel con\u00e7u et encadr\u00e9 pour repartir plus confiant(e) et plus \u00e9clair\u00e9(e) dans vos pratiques professionnelles.<\/p>\n<p>[\/et_pb_text][et_pb_divider color=&#8221;#000000&#8243; divider_weight=&#8221;3px&#8221; _builder_version=&#8221;3.2&#8243; max_width=&#8221;50px&#8221; custom_margin=&#8221;||10px|&#8221; animation_style=&#8221;fold&#8221; animation_direction=&#8221;left&#8221; animation_starting_opacity=&#8221;100%&#8221;][\/et_pb_divider][et_pb_text admin_label=&#8221;Title&#8221; _builder_version=&#8221;4.7.0&#8243; text_font=&#8221;||||||||&#8221; header_font=&#8221;||||||||&#8221; header_2_font=&#8221;Alice||||||||&#8221; header_2_font_size=&#8221;42px&#8221; header_2_line_height=&#8221;1.3em&#8221; custom_margin=&#8221;||20px|&#8221; animation_style=&#8221;slide&#8221; animation_direction=&#8221;top&#8221; animation_intensity_slide=&#8221;30%&#8221; animation_starting_opacity=&#8221;100%&#8221;]<\/p>\n<h2>Pr\u00e9-requis\u00a0:<\/h2>\n<p>[\/et_pb_text][et_pb_text _builder_version=&#8221;4.7.0&#8243; text_font=&#8221;||||||||&#8221; text_text_color=&#8221;#000000&#8243; text_font_size=&#8221;16px&#8221; text_line_height=&#8221;1.8em&#8221; text_orientation=&#8221;justified&#8221; animation_style=&#8221;slide&#8221; animation_direction=&#8221;top&#8221; animation_intensity_slide=&#8221;10%&#8221; animation_starting_opacity=&#8221;100%&#8221;]<\/p>\n<p>Avoir une pratique clinique aupr\u00e8s de patients ou clients<\/p>\n<p>[\/et_pb_text][et_pb_divider color=&#8221;#000000&#8243; divider_weight=&#8221;3px&#8221; _builder_version=&#8221;3.2&#8243; max_width=&#8221;50px&#8221; custom_margin=&#8221;||10px|&#8221; animation_style=&#8221;fold&#8221; animation_direction=&#8221;left&#8221; animation_starting_opacity=&#8221;100%&#8221;][\/et_pb_divider][et_pb_text admin_label=&#8221;Title&#8221; _builder_version=&#8221;4.7.0&#8243; text_font=&#8221;||||||||&#8221; header_font=&#8221;||||||||&#8221; header_2_font=&#8221;Alice||||||||&#8221; header_2_font_size=&#8221;42px&#8221; header_2_line_height=&#8221;1.3em&#8221; custom_margin=&#8221;||20px|&#8221; animation_style=&#8221;slide&#8221; animation_direction=&#8221;top&#8221; animation_intensity_slide=&#8221;30%&#8221; animation_starting_opacity=&#8221;100%&#8221;]<\/p>\n<h2>Public concern\u00e9\u00a0:\u00a0<\/h2>\n<p>[\/et_pb_text][et_pb_text _builder_version=&#8221;4.7.0&#8243; text_font=&#8221;||||||||&#8221; text_text_color=&#8221;#000000&#8243; text_font_size=&#8221;16px&#8221; text_line_height=&#8221;1.8em&#8221; text_orientation=&#8221;justified&#8221; animation_style=&#8221;slide&#8221; animation_direction=&#8221;top&#8221; animation_intensity_slide=&#8221;10%&#8221; animation_starting_opacity=&#8221;100%&#8221;]<\/p>\n<p>Psychologues, Psychoth\u00e9rapeutes, Psychopraticiens, Psychiatres, M\u00e9decins, Soignants, Educateurs, Coachs\u2026<\/p>\n<p>[\/et_pb_text][et_pb_divider color=&#8221;#000000&#8243; divider_weight=&#8221;3px&#8221; _builder_version=&#8221;3.2&#8243; max_width=&#8221;50px&#8221; custom_margin=&#8221;||10px|&#8221; animation_style=&#8221;fold&#8221; animation_direction=&#8221;left&#8221; animation_starting_opacity=&#8221;100%&#8221;][\/et_pb_divider][et_pb_text admin_label=&#8221;Title&#8221; _builder_version=&#8221;4.7.0&#8243; text_font=&#8221;||||||||&#8221; header_font=&#8221;||||||||&#8221; header_2_font=&#8221;Alice||||||||&#8221; header_2_font_size=&#8221;42px&#8221; header_2_line_height=&#8221;1.3em&#8221; custom_margin=&#8221;||20px|&#8221; animation_style=&#8221;slide&#8221; animation_direction=&#8221;top&#8221; animation_intensity_slide=&#8221;30%&#8221; animation_starting_opacity=&#8221;100%&#8221;]<\/p>\n<h2>Moyens p\u00e9dagogiques\u00a0:<\/h2>\n<p>[\/et_pb_text][et_pb_text _builder_version=&#8221;4.7.0&#8243; text_font=&#8221;||||||||&#8221; text_text_color=&#8221;#000000&#8243; text_font_size=&#8221;16px&#8221; text_line_height=&#8221;1.8em&#8221; text_orientation=&#8221;justified&#8221; animation_style=&#8221;slide&#8221; animation_direction=&#8221;top&#8221; animation_intensity_slide=&#8221;10%&#8221; animation_starting_opacity=&#8221;100%&#8221;]<\/p>\n<ul>\n<li>Chaque participant peut exposer une ou plusieurs situations probl\u00e9matiques, l\u2019\u00e9change est groupal et dirig\u00e9 par l\u2019intervenante qui par son exp\u00e9rience am\u00e8ne un point de vue sp\u00e9cifique<\/li>\n<li>Groupe restreint pour permettre un r\u00e9el approfondissement des analyses et r\u00e9flexions<\/li>\n<\/ul>\n<p>[\/et_pb_text][\/et_pb_column_inner][\/et_pb_row_inner][\/et_pb_column][et_pb_column type=&#8221;1_3&#8243; _builder_version=&#8221;3.25&#8243; custom_padding=&#8221;|||&#8221; custom_padding__hover=&#8221;|||&#8221;][et_pb_text admin_label=&#8221;Title&#8221; _builder_version=&#8221;4.7.0&#8243; text_font=&#8221;||||||||&#8221; header_font=&#8221;||||||||&#8221; header_2_font=&#8221;Alice||||||||&#8221; header_2_font_size=&#8221;42px&#8221; header_2_line_height=&#8221;1.3em&#8221; custom_margin=&#8221;||20px|&#8221; animation_style=&#8221;slide&#8221; animation_direction=&#8221;top&#8221; animation_intensity_slide=&#8221;30%&#8221; animation_starting_opacity=&#8221;100%&#8221;]<\/p>\n<h2>Informations pratiques :<\/h2>\n<p>[\/et_pb_text][et_pb_image src=&#8221;https:\/\/gwenaellepersiaux.com\/wp-content\/uploads\/2020\/11\/art-therapy-227585_1920.jpg&#8221; title_text=&#8221;art-therapy-227585_1920&#8243; _builder_version=&#8221;4.7.0&#8243; _module_preset=&#8221;default&#8221;][\/et_pb_image][et_pb_text _builder_version=&#8221;4.7.0&#8243; _module_preset=&#8221;default&#8221; text_text_color=&#8221;#000000&#8243;][\/et_pb_text][et_pb_text _builder_version=&#8221;4.7.0&#8243; _module_preset=&#8221;default&#8221; text_text_color=&#8221;#000000&#8243;]<\/p>\n<p><strong style=\"font-size: 14px;\">Par Zoom\u00a0<\/strong><span style=\"font-size: 14px;\"> (de 3 \u00e0 4 personnes) :<\/span><\/p>\n<p><strong style=\"font-size: 14px;\">Dates :\u00a0<\/strong><span style=\"font-size: 14px;\">\u00a0 \u00a0 \u00a0 \u00a0 \u00a0\u00a0<\/span><span style=\"font-size: 14px;\">\u00a0<\/span><\/p>\n<ul>\n<li align=\"JUSTIFY\">lundi 9 mars\u00a0 10h-12h : complet<\/li>\n<li align=\"JUSTIFY\">mardi 17 mars\u00a0 10h-12h : complet<\/li>\n<li align=\"JUSTIFY\">vendredi 27 mars\u00a0 10h-12h : complet\u00a0<\/li>\n<li align=\"JUSTIFY\">lundi 30 mars 10-12h : complet<\/li>\n<li align=\"JUSTIFY\">lundi 27 avril 10-12h : complet<\/li>\n<li align=\"JUSTIFY\">lundi 4 mai 10-12h : complet<\/li>\n<li align=\"JUSTIFY\">lundi 8 juin 10-12h : complet<\/li>\n<li align=\"JUSTIFY\">vendredi 19 juin 10-12h : complet<\/li>\n<li align=\"JUSTIFY\">jeudi 25 juin 10-12h: complet<span style=\"font-size: 14px; text-align: left;\">\u00a0<\/span><\/li>\n<\/ul>\n<p>[\/et_pb_text][et_pb_text _builder_version=&#8221;4.7.0&#8243; _module_preset=&#8221;default&#8221; text_text_color=&#8221;#000000&#8243;]<\/p>\n<p><strong>Modalit\u00e9s financi\u00e8res<\/strong><br \/> Tarif<strong> :<\/strong> 80\u20ac les deux heures<br \/> Tarif Demandeurs d\u2019emploi : 65\u20ac<\/p>\n<p><em>Merci de vous inscrire\u00a0quelques semaines \u00e0 l\u2019avance\u00a0pour nous faciliter l\u2019organisation en sachant que <strong>toute s\u00e9ance de\u00a0supervision\u00a0annul\u00e9e moins d\u2019une semaine avant est due, sauf cas de force majeure.<\/strong><\/em><\/p>\n<p>[\/et_pb_text][\/et_pb_column][\/et_pb_section]<\/p>\n","protected":false},"excerpt":{"rendered":"<p>[et_pb_section fb_built=&#8221;1&#8243; admin_label=&#8221;Hero Section&#8221; _builder_version=&#8221;4.7.0&#8243; use_background_color_gradient=&#8221;on&#8221; background_color_gradient_start=&#8221;rgba(244,240,233,0.9)&#8221; background_color_gradient_end=&#8221;rgba(244,240,233,0)&#8221; background_color_gradient_direction=&#8221;90deg&#8221; background_color_gradient_start_position=&#8221;30%&#8221; background_color_gradient_overlays_image=&#8221;on&#8221; background_image=&#8221;https:\/\/gwenaellepersiaux.com\/wp-content\/uploads\/2020\/11\/tree-4637270_1920.jpg&#8221; custom_margin=&#8221;|||&#8221; custom_padding=&#8221;119px|0px|119px|0px&#8221;][et_pb_row custom_padding_last_edited=&#8221;off|desktop&#8221; admin_label=&#8221;Hero Area&#8221; _builder_version=&#8221;3.25&#8243; custom_padding=&#8221;27px|0px|0px|0px&#8221;][et_pb_column type=&#8221;4_4&#8243; _builder_version=&#8221;3.25&#8243; custom_padding=&#8221;|||&#8221; custom_padding__hover=&#8221;|||&#8221;][et_pb_text admin_label=&#8221;Hero Title&#8221; _builder_version=&#8221;4.7.0&#8243; text_font=&#8221;Playfair Display||||||||&#8221; header_font=&#8221;Alice||||||||&#8221; header_font_size=&#8221;80px&#8221; header_letter_spacing=&#8221;-3px&#8221; header_line_height=&#8221;1.1em&#8221; custom_margin=&#8221;||0px|&#8221; custom_padding=&#8221;|||&#8221; animation_style=&#8221;slide&#8221; animation_direction=&#8221;left&#8221; animation_intensity_slide=&#8221;5%&#8221; animation_starting_opacity=&#8221;100%&#8221; text_font_size_last_edited=&#8221;off|desktop&#8221; header_font_size_tablet=&#8221;&#8221; header_font_size_phone=&#8221;60px&#8221; header_font_size_last_edited=&#8221;on|phone&#8221;] Supervisions Cliniques [\/et_pb_text][\/et_pb_column][\/et_pb_row][\/et_pb_section][et_pb_section fb_built=&#8221;1&#8243; _builder_version=&#8221;4.7.0&#8243; _module_preset=&#8221;default&#8221; custom_padding=&#8221;50px||50px|||&#8221;][et_pb_row _builder_version=&#8221;4.7.0&#8243; _module_preset=&#8221;default&#8221;][et_pb_column type=&#8221;4_4&#8243; _builder_version=&#8221;4.7.0&#8243; _module_preset=&#8221;default&#8221;][et_pb_text _builder_version=&#8221;4.7.0&#8243; [&hellip;]<\/p>\n","protected":false},"author":1,"featured_media":0,"parent":0,"menu_order":0,"comment_status":"closed","ping_status":"closed","template":"","meta":{"_et_pb_use_builder":"on","_et_pb_old_content":"<!-- wp:divi\/placeholder \/-->","_et_gb_content_width":""},"_links":{"self":[{"href":"https:\/\/gwenaellepersiaux.com\/index.php?rest_route=\/wp\/v2\/pages\/26"}],"collection":[{"href":"https:\/\/gwenaellepersiaux.com\/index.php?rest_route=\/wp\/v2\/pages"}],"about":[{"href":"https:\/\/gwenaellepersiaux.com\/index.php?rest_route=\/wp\/v2\/types\/page"}],"author":[{"embeddable":true,"href":"https:\/\/gwenaellepersiaux.com\/index.php?rest_route=\/wp\/v2\/users\/1"}],"replies":[{"embeddable":true,"href":"https:\/\/gwenaellepersiaux.com\/index.php?rest_route=%2Fwp%2Fv2%2Fcomments&post=26"}],"version-history":[{"count":263,"href":"https:\/\/gwenaellepersiaux.com\/index.php?rest_route=\/wp\/v2\/pages\/26\/revisions"}],"predecessor-version":[{"id":2105,"href":"https:\/\/gwenaellepersiaux.com\/index.php?rest_route=\/wp\/v2\/pages\/26\/revisions\/2105"}],"wp:attachment":[{"href":"https:\/\/gwenaellepersiaux.com\/index.php?rest_route=%2Fwp%2Fv2%2Fmedia&parent=26"}],"curies":[{"name":"wp","href":"https:\/\/api.w.org\/{rel}","templated":true}]}}