{"id":24,"date":"2020-11-16T11:37:10","date_gmt":"2020-11-16T10:37:10","guid":{"rendered":"https:\/\/gwenaellepersiaux.com\/?page_id=24"},"modified":"2021-06-26T11:04:15","modified_gmt":"2021-06-26T09:04:15","slug":"consultations","status":"publish","type":"page","link":"https:\/\/gwenaellepersiaux.com\/?page_id=24","title":{"rendered":"Consultations"},"content":{"rendered":"<p>[et_pb_section fb_built=&#8221;1&#8243; admin_label=&#8221;Hero Section&#8221; _builder_version=&#8221;3.22&#8243; use_background_color_gradient=&#8221;on&#8221; background_color_gradient_start=&#8221;rgba(244,240,233,0.9)&#8221; background_color_gradient_end=&#8221;rgba(244,240,233,0)&#8221; background_color_gradient_direction=&#8221;90deg&#8221; background_color_gradient_start_position=&#8221;30%&#8221; background_color_gradient_overlays_image=&#8221;on&#8221; background_image=&#8221;https:\/\/gwenaellepersiaux.com\/wp-content\/uploads\/2020\/11\/florist-11.jpg&#8221; custom_margin=&#8221;|||&#8221; custom_padding=&#8221;119px|0px|119px|0px&#8221;][et_pb_row custom_padding_last_edited=&#8221;off|desktop&#8221; admin_label=&#8221;Hero Area&#8221; _builder_version=&#8221;3.25&#8243; custom_padding=&#8221;27px|0px|0px|0px&#8221;][et_pb_column type=&#8221;4_4&#8243; _builder_version=&#8221;3.25&#8243; custom_padding=&#8221;|||&#8221; custom_padding__hover=&#8221;|||&#8221;][et_pb_text admin_label=&#8221;Hero Title&#8221; _builder_version=&#8221;4.7.0&#8243; text_font=&#8221;Playfair Display||||||||&#8221; header_font=&#8221;Alice||||||||&#8221; header_font_size=&#8221;80px&#8221; header_letter_spacing=&#8221;-3px&#8221; header_line_height=&#8221;1.1em&#8221; custom_margin=&#8221;||0px|&#8221; custom_padding=&#8221;|||&#8221; animation_style=&#8221;slide&#8221; animation_direction=&#8221;left&#8221; animation_intensity_slide=&#8221;5%&#8221; animation_starting_opacity=&#8221;100%&#8221; text_font_size_last_edited=&#8221;off|desktop&#8221; header_font_size_tablet=&#8221;&#8221; header_font_size_phone=&#8221;60px&#8221; header_font_size_last_edited=&#8221;on|phone&#8221;]<\/p>\n<h1>Consultations th\u00e9rapeutiques<\/h1>\n<p>[\/et_pb_text][\/et_pb_column][\/et_pb_row][\/et_pb_section][et_pb_section fb_built=&#8221;1&#8243; _builder_version=&#8221;4.7.0&#8243; _module_preset=&#8221;default&#8221; custom_padding=&#8221;50px||50px|||&#8221;][et_pb_row _builder_version=&#8221;4.7.0&#8243; _module_preset=&#8221;default&#8221;][et_pb_column type=&#8221;4_4&#8243; _builder_version=&#8221;4.7.0&#8243; _module_preset=&#8221;default&#8221;][et_pb_text _builder_version=&#8221;4.7.0&#8243; _module_preset=&#8221;default&#8221; text_text_color=&#8221;#000000&#8243; text_font_size=&#8221;16px&#8221; text_orientation=&#8221;justified&#8221;]<\/p>\n<p><em>! Info : je ne prends plus de nouveau patient en suivi individuel actuellement. Si vous voulez travailler avec moi, je vous invite \u00e0 venir en stages th\u00e9rapeutiques.\u00a0<\/em><\/p>\n<p>En tant que psychologue et psychoth\u00e9rapeute, je re\u00e7ois en t\u00e9l\u00e9consultation par zoom des personnes pour tout type de probl\u00e9matiques, principalement des adultes. Etant sp\u00e9cialis\u00e9e sur les blessures d\u2019attachement et les troubles de la personnalit\u00e9 borderline, j\u2019ai de nombreux patients qui viennent me consulter pour des souffrances li\u00e9es \u00e0 des traumatismes de l\u2019enfance et des difficult\u00e9s pr\u00e9sentes d\u2019ordre relationnel et \u00e9motionnel intenses.<\/p>\n<p>Bien plus finalement que toutes les formations que j\u2019ai pu faire depuis mes \u00e9tudes de psychologie \u00e0 l\u2019universit\u00e9 Paris 8, mon exp\u00e9rience en psychiatrie au CHU de Saint Etienne m\u2019a appris et m\u2019apprend toujours beaucoup. Riche de cette pratique parfois difficile mais si compl\u00e8te, je travaille de mani\u00e8re assez directe avec ceux et celles que j\u2019accompagne. J\u2019acquiers en effet au fil des ann\u00e9es d\u2019exp\u00e9rience institutionnelle une perception plus fine et plus rapide de ce qui est au c\u0153ur des probl\u00e8mes psychiques et physiques de la personne qui vient me voir. Mon style th\u00e9rapeutique (car tout th\u00e9rapeute a sa propre couleur) est souvent d\u00e9crit comme \u00e0 la fois doux et bienveillant mais aussi direct et bousculant si n\u00e9cessaire. Je crois en effet que, pour reprendre et paraphraser Winnicott, tout soignant doit \u00eatre pour son patient \u00ab\u00a0la m\u00e8re suffisamment bonne\u00a0\u00bb mais aussi \u00ab\u00a0le p\u00e8re suffisamment mauvais\u00a0\u00bb. Il s\u2019agit d\u2019accueillir, de r\u00e9conforter, d\u2019\u00eatre le havre de s\u00e9curit\u00e9 s\u00e9curisant indispensable au travail de remaniement des mod\u00e8les internes bien s\u00fbr, mais \u00e0 d\u2019autres moments il est essentiel de recadrer, de d\u00e9stabiliser et d\u2019\u00eatre ainsi la base de s\u00e9curit\u00e9 soutenante mais challengeante dont a besoin la personne pour sortir de sa zone de confort et ainsi \u00e9voluer sensiblement et durablement.<\/p>\n<p>Des diff\u00e9rentes approches th\u00e9oriques et pratiques que j\u2019ai \u00e9tudi\u00e9es, trois d\u2019entre elles ont forg\u00e9 peu \u00e0 peu ma mani\u00e8re de travailler\u00a0: <br \/>la th\u00e9rapie br\u00e8ve centr\u00e9e sur les solutions, la psychologie \u00e9nerg\u00e9tique et enfin le champ de l\u2019attachement.<\/p>\n<p>[\/et_pb_text][\/et_pb_column][\/et_pb_row][\/et_pb_section][et_pb_section fb_built=&#8221;1&#8243; admin_label=&#8221;About Us Section&#8221; _builder_version=&#8221;4.7.0&#8243; background_color=&#8221;rgba(244,240,233,0.9)&#8221; custom_padding=&#8221;50px||36px|||&#8221;][et_pb_row column_structure=&#8221;1_2,1_2&#8243; admin_label=&#8221;About Us Area&#8221; _builder_version=&#8221;3.25&#8243; custom_margin=&#8221;|||&#8221; custom_padding=&#8221;27px|0px|0px|0px&#8221;][et_pb_column type=&#8221;1_2&#8243; _builder_version=&#8221;3.25&#8243; custom_padding=&#8221;|||&#8221; custom_padding__hover=&#8221;|||&#8221;][et_pb_divider color=&#8221;#000000&#8243; divider_weight=&#8221;3px&#8221; _builder_version=&#8221;3.2&#8243; max_width=&#8221;50px&#8221; custom_margin=&#8221;||10px|&#8221; animation_style=&#8221;fold&#8221; animation_direction=&#8221;left&#8221; animation_starting_opacity=&#8221;100%&#8221;][\/et_pb_divider][et_pb_text admin_label=&#8221;Title&#8221; _builder_version=&#8221;4.7.0&#8243; text_font=&#8221;||||||||&#8221; header_font=&#8221;||||||||&#8221; header_2_font=&#8221;Alice||||||||&#8221; header_2_font_size=&#8221;42px&#8221; header_2_line_height=&#8221;1.3em&#8221; custom_margin=&#8221;||20px|&#8221; animation_style=&#8221;slide&#8221; animation_direction=&#8221;top&#8221; animation_intensity_slide=&#8221;30%&#8221; animation_starting_opacity=&#8221;100%&#8221;]<\/p>\n<h2>La th\u00e9rapie br\u00e8ve centr\u00e9e sur les solutions<\/h2>\n<p>[\/et_pb_text][et_pb_text _builder_version=&#8221;4.7.0&#8243; text_font=&#8221;||||||||&#8221; text_text_color=&#8221;#000000&#8243; text_font_size=&#8221;16px&#8221; text_line_height=&#8221;1.8em&#8221; text_orientation=&#8221;justified&#8221; animation_style=&#8221;slide&#8221; animation_direction=&#8221;top&#8221; animation_intensity_slide=&#8221;10%&#8221; animation_starting_opacity=&#8221;100%&#8221;]<\/p>\n<p>La th\u00e9rapie br\u00e8ve orient\u00e9e vers les solutions se concentre sur la sant\u00e9 mentale, les ressources et les succ\u00e8s des personnes plut\u00f4t que sur la maladie, les d\u00e9ficits et les \u00e9checs. Elle s\u2019int\u00e9resse davantage au pr\u00e9sent et au futur qu\u2019au pass\u00e9.\u00a0L\u2019important n\u2019est pas tant de savoir pourquoi on souffre de tel probl\u00e8me mais comment on va s\u2019en sortir.\u00a0Le travail se centre sur l\u2019objectif et la recherche de solutions, et se base sur les comp\u00e9tences et les ressources que l\u2019individu poss\u00e8de pour changer ce qui lui fait probl\u00e8me.<br \/>L\u2019approche br\u00e8ve orient\u00e9e vers les solutions se distingue \u00e9galement des autres approches psychoth\u00e9rapeutiques par la place qui est faite au patient. Celui-ci est consid\u00e9r\u00e9 comme l\u2019expert pour identifier les solutions les plus efficaces \u00e0 sa propre probl\u00e9matique. Pour y parvenir, le th\u00e9rapeute l\u2019accompagne par ses questions et interventions. L\u2019expertise de la personne est sollicit\u00e9e \u00e9galement pour fixer elle-m\u00eame la fr\u00e9quence de chaque consultation.\u00a0Cette fa\u00e7on de travailler raccourcit le suivi et favorise le maintien des am\u00e9liorations obtenues, car elle fait appel \u00e0 la propre cr\u00e9ativit\u00e9 de la personne et \u00e0 sa responsabilit\u00e9.<\/p>\n<p>[\/et_pb_text][\/et_pb_column][et_pb_column type=&#8221;1_2&#8243; _builder_version=&#8221;3.25&#8243; custom_padding=&#8221;80px||80px|&#8221; custom_padding__hover=&#8221;|||&#8221;][et_pb_image src=&#8221;https:\/\/gwenaellepersiaux.com\/wp-content\/uploads\/2020\/11\/sunflower-4866445_1920.jpg&#8221; title_text=&#8221;sunflower-4866445_1920&#8243; force_fullwidth=&#8221;on&#8221; align_tablet=&#8221;center&#8221; align_phone=&#8221;&#8221; align_last_edited=&#8221;on|desktop&#8221; _builder_version=&#8221;4.7.0&#8243; animation_style=&#8221;slide&#8221; animation_direction=&#8221;left&#8221; animation_intensity_slide=&#8221;10%&#8221; animation_starting_opacity=&#8221;100%&#8221;][\/et_pb_image][\/et_pb_column][\/et_pb_row][\/et_pb_section][et_pb_section fb_built=&#8221;1&#8243; admin_label=&#8221;About Us Section&#8221; _builder_version=&#8221;3.22&#8243; custom_padding=&#8221;50px||0px|||&#8221;][et_pb_row column_structure=&#8221;1_2,1_2&#8243; admin_label=&#8221;About Us Area&#8221; _builder_version=&#8221;3.25&#8243; custom_margin=&#8221;|||&#8221; custom_padding=&#8221;27px|0px|0px|0px&#8221;][et_pb_column type=&#8221;1_2&#8243; _builder_version=&#8221;3.25&#8243; custom_padding=&#8221;|||&#8221; custom_padding__hover=&#8221;|||&#8221;][et_pb_image src=&#8221;https:\/\/gwenaellepersiaux.com\/wp-content\/uploads\/2020\/11\/eft-6-exercices-pour-se-familiariser-avec-cette-technique-de-lacher-prise.jpeg&#8221; title_text=&#8221;eft-6-exercices-pour-se-familiariser-avec-cette-technique-de-lacher-prise&#8221; force_fullwidth=&#8221;on&#8221; align_tablet=&#8221;center&#8221; align_phone=&#8221;&#8221; align_last_edited=&#8221;on|desktop&#8221; _builder_version=&#8221;4.7.0&#8243; animation_style=&#8221;slide&#8221; animation_direction=&#8221;left&#8221; animation_intensity_slide=&#8221;10%&#8221; animation_starting_opacity=&#8221;100%&#8221;][\/et_pb_image][\/et_pb_column][et_pb_column type=&#8221;1_2&#8243; _builder_version=&#8221;3.25&#8243; custom_padding=&#8221;80px||80px|&#8221; custom_padding__hover=&#8221;|||&#8221;][et_pb_divider color=&#8221;#000000&#8243; divider_weight=&#8221;3px&#8221; _builder_version=&#8221;3.2&#8243; max_width=&#8221;50px&#8221; custom_margin=&#8221;||10px|&#8221; animation_style=&#8221;fold&#8221; animation_direction=&#8221;left&#8221; animation_starting_opacity=&#8221;100%&#8221;][\/et_pb_divider][et_pb_text admin_label=&#8221;Title&#8221; _builder_version=&#8221;4.7.0&#8243; text_font=&#8221;||||||||&#8221; header_font=&#8221;||||||||&#8221; header_2_font=&#8221;Alice||||||||&#8221; header_2_font_size=&#8221;42px&#8221; header_2_line_height=&#8221;1.3em&#8221; custom_margin=&#8221;||20px|&#8221; animation_style=&#8221;slide&#8221; animation_direction=&#8221;top&#8221; animation_intensity_slide=&#8221;30%&#8221; animation_starting_opacity=&#8221;100%&#8221;]<\/p>\n<h2>La psychologie \u00e9nerg\u00e9tique<\/h2>\n<p>[\/et_pb_text][et_pb_text _builder_version=&#8221;4.7.0&#8243; text_font=&#8221;||||||||&#8221; text_text_color=&#8221;#000000&#8243; text_font_size=&#8221;16px&#8221; text_line_height=&#8221;1.8em&#8221; text_orientation=&#8221;justified&#8221; animation_style=&#8221;slide&#8221; animation_direction=&#8221;top&#8221; animation_intensity_slide=&#8221;10%&#8221; animation_starting_opacity=&#8221;100%&#8221;]<\/p>\n<p>Technique la plus connue en psychologie \u00e9nerg\u00e9tique, l&#8217;<strong>EFT\u00a0(Emotional Freedom Techniques<\/strong> :\u00a0technique de lib\u00e9ration \u00e9motionnelle) d\u00e9rive de la m\u00e9decine chinoise et est souvent appel\u00e9e acupuncture \u00e9motionnelle. La pratique de l&#8217;EFT, en s\u00e9ance avec le th\u00e9rapeute et\/ou seul, permet \u00e0 la personne d&#8217;apaiser et de\u00a0mieux vivre ses \u00e9motions\u00a0jug\u00e9es n\u00e9gatives, telles que l&#8217;angoisse, la col\u00e8re, la honte, la tristesse, la culpabilit\u00e9&#8230;.\u00a0<\/p>\n<p>Il s&#8217;agit de tapoter certains points sp\u00e9cifiques du visage, du haut du corps et de la main qui sont situ\u00e9s sur nos m\u00e9ridiens et en constituent les portes d&#8217;entr\u00e9e. En tapotant tout en pensant \u00e0 ce qui nous d\u00e9range (en le verbalisant), la personne r\u00e9\u00e9quilibre le flux \u00e9nerg\u00e9tique : le n\u0153ud se desserre peu \u00e0 peu et finit par se d\u00e9nouer compl\u00e8tement au fur et \u00e0 mesure des tapotements.\u00a0La personne conserve la m\u00e9moire de l&#8217;\u00e9v\u00e9nement difficile mais n&#8217;en ressent plus la charge \u00e9motionnelle qui l&#8217;accompagnait.\u00a0<\/p>\n<p><strong>Matrix Reimprinting<\/strong>, d\u00e9velopp\u00e9e par Karl Dawson, est une technique d\u2019EFT avanc\u00e9e qui combine les principes de la psychologie \u00e9nerg\u00e9tique avec ceux de l\u2019hypnose. Elle permet de\u00a0travailler sur les parties profondes de notre personnalit\u00e9, le plus souvent les parties traumatis\u00e9es et refoul\u00e9es, qui guident inconsciemment notre fa\u00e7on de fonctionner et g\u00e9n\u00e8rent les sympt\u00f4mes ou probl\u00e8mes qui nous am\u00e8nent en th\u00e9rapie. \u00a0En effet nous conservons dans nos champs \u00e9nerg\u00e9tiques ou morphiques des \u00e9v\u00e9nements stressants et traumatiques v\u00e9cus dans le pass\u00e9 qui sont \u00e0 l&#8217;origine de comportements, de masques sociaux ou de sympt\u00f4mes (addictions, phobies, allergies&#8230;). Ce sont ces parties de soi, souvent dissoci\u00e9es et inconscientes, que la personne retrouve gr\u00e2ce \u00e0 l&#8217; EFT et Matrix et qu&#8217;elle peut ensuite &#8220;soigner&#8221;.\u00a0<\/p>\n<p>[\/et_pb_text][\/et_pb_column][\/et_pb_row][\/et_pb_section][et_pb_section fb_built=&#8221;1&#8243; admin_label=&#8221;About Us Section&#8221; _builder_version=&#8221;4.7.0&#8243; background_color=&#8221;rgba(244,240,233,0.9)&#8221; custom_padding=&#8221;50px||72px|||&#8221;][et_pb_row column_structure=&#8221;1_2,1_2&#8243; admin_label=&#8221;About Us Area&#8221; _builder_version=&#8221;3.25&#8243; custom_margin=&#8221;|||&#8221; custom_padding=&#8221;27px|0px|0px|0px&#8221;][et_pb_column type=&#8221;1_2&#8243; _builder_version=&#8221;3.25&#8243; custom_padding=&#8221;|||&#8221; custom_padding__hover=&#8221;|||&#8221;][et_pb_divider color=&#8221;#000000&#8243; divider_weight=&#8221;3px&#8221; _builder_version=&#8221;3.2&#8243; max_width=&#8221;50px&#8221; custom_margin=&#8221;||10px|&#8221; animation_style=&#8221;fold&#8221; animation_direction=&#8221;left&#8221; animation_starting_opacity=&#8221;100%&#8221;][\/et_pb_divider][et_pb_text admin_label=&#8221;Title&#8221; _builder_version=&#8221;4.7.0&#8243; text_font=&#8221;||||||||&#8221; header_font=&#8221;||||||||&#8221; header_2_font=&#8221;Alice||||||||&#8221; header_2_font_size=&#8221;42px&#8221; header_2_line_height=&#8221;1.3em&#8221; custom_margin=&#8221;||20px|&#8221; animation_style=&#8221;slide&#8221; animation_direction=&#8221;top&#8221; animation_intensity_slide=&#8221;30%&#8221; animation_starting_opacity=&#8221;100%&#8221;]<\/p>\n<h2>L\u2019attachement<\/h2>\n<p>[\/et_pb_text][et_pb_text _builder_version=&#8221;4.7.0&#8243; text_font=&#8221;||||||||&#8221; text_text_color=&#8221;#000000&#8243; text_font_size=&#8221;16px&#8221; text_line_height=&#8221;1.8em&#8221; text_orientation=&#8221;justified&#8221; animation_style=&#8221;slide&#8221; animation_direction=&#8221;top&#8221; animation_intensity_slide=&#8221;10%&#8221; animation_starting_opacity=&#8221;100%&#8221;]<\/p>\n<p>Conceptualis\u00e9 \u00e0 l\u2019origine par John Bowlby et Mary Ainsworth puis enrichi par des d\u00e9cennies de chercheurs et cliniciens passionn\u00e9es, le champ de l\u2019attachement est un domaine de connaissances et de pratiques psychoth\u00e9rapeutiques vaste et complexe que j\u2019ai d\u00e9couvert en 2013 et qui ne cesse de me passionner depuis. <br \/>Toujours difficile de d\u00e9finir en quelques mots ce qu\u2019est l\u2019attachement, mais je m\u2019y essaie par cette phrase\u00a0: l\u2019attachement s\u2019int\u00e9resse \u00e0 tous nos liens affectifs de longue dur\u00e9e dans lesquels la s\u00e9curit\u00e9 (ou l\u2019ins\u00e9curit\u00e9) joue un r\u00f4le clef. Sont donc concern\u00e9s nos liens avec nos parents, nos compagnons\/compagnes, nos amis proches, nos enfants, nos fr\u00e8res\/s\u0153urs et aussi nos th\u00e9rapeutes ou soignants qui nous accompagnent de mani\u00e8re investie sur notre chemin de vie. <br \/>L\u2019approche attachmentiste (n\u00e9ologisme sympathique) des grands cliniciens tels que Diana Fosha, Marsha Linehan ou encore Irvin Yalom m\u2019inspire au quotidien dans ma pratique. Celle-ci est r\u00e9solument tourn\u00e9e vers la constitution et l\u2019approfondissement de cette fameuse alliance th\u00e9rapeutique qui est la base de tout bon travail sur soi. Sans relation de s\u00e9curit\u00e9 mais aussi d\u2019affection (surtout pour les personnes tr\u00e8s traumatis\u00e9es) entre le patient et son th\u00e9rapeute, il ne peut y avoir de r\u00e9elle alchimisation int\u00e9rieure et de gu\u00e9rison profonde des parties bless\u00e9es selon moi. <br \/>Les techniques telles que l\u2019EFT ou d\u2019autres sont tr\u00e8s utiles pour cette aventure qu\u2019est le travail sur soi, mais l\u2019essence-ciel est dans la constitution d\u2019une relation th\u00e9rapeutique vraie, authentique et forte \u00e0 travers laquelle le patient pourra rejouer ses vieux patterns \u00e9motionnels (classiquement appel\u00e9s le transfert) mais surtout pourra les transformer en vivant une exp\u00e9rience relationnelle correctrice d\u2019\u00e9coute et de soutien.<\/p>\n<p>[\/et_pb_text][\/et_pb_column][et_pb_column type=&#8221;1_2&#8243; _builder_version=&#8221;3.25&#8243; custom_padding=&#8221;80px||80px|&#8221; custom_padding__hover=&#8221;|||&#8221;][et_pb_image src=&#8221;https:\/\/gwenaellepersiaux.com\/wp-content\/uploads\/2020\/11\/toddler-hand-4867454_1920.jpg&#8221; title_text=&#8221;toddler-hand-4867454_1920&#8243; force_fullwidth=&#8221;on&#8221; align_tablet=&#8221;center&#8221; align_phone=&#8221;&#8221; align_last_edited=&#8221;on|desktop&#8221; _builder_version=&#8221;4.7.0&#8243; animation_style=&#8221;slide&#8221; animation_direction=&#8221;left&#8221; animation_intensity_slide=&#8221;10%&#8221; animation_starting_opacity=&#8221;100%&#8221;][\/et_pb_image][\/et_pb_column][\/et_pb_row][\/et_pb_section]<\/p>\n","protected":false},"excerpt":{"rendered":"<p>[et_pb_section fb_built=&#8221;1&#8243; admin_label=&#8221;Hero Section&#8221; _builder_version=&#8221;3.22&#8243; use_background_color_gradient=&#8221;on&#8221; background_color_gradient_start=&#8221;rgba(244,240,233,0.9)&#8221; background_color_gradient_end=&#8221;rgba(244,240,233,0)&#8221; background_color_gradient_direction=&#8221;90deg&#8221; background_color_gradient_start_position=&#8221;30%&#8221; background_color_gradient_overlays_image=&#8221;on&#8221; background_image=&#8221;https:\/\/gwenaellepersiaux.com\/wp-content\/uploads\/2020\/11\/florist-11.jpg&#8221; custom_margin=&#8221;|||&#8221; custom_padding=&#8221;119px|0px|119px|0px&#8221;][et_pb_row custom_padding_last_edited=&#8221;off|desktop&#8221; admin_label=&#8221;Hero Area&#8221; _builder_version=&#8221;3.25&#8243; custom_padding=&#8221;27px|0px|0px|0px&#8221;][et_pb_column type=&#8221;4_4&#8243; _builder_version=&#8221;3.25&#8243; custom_padding=&#8221;|||&#8221; custom_padding__hover=&#8221;|||&#8221;][et_pb_text admin_label=&#8221;Hero Title&#8221; _builder_version=&#8221;4.7.0&#8243; text_font=&#8221;Playfair Display||||||||&#8221; header_font=&#8221;Alice||||||||&#8221; header_font_size=&#8221;80px&#8221; header_letter_spacing=&#8221;-3px&#8221; header_line_height=&#8221;1.1em&#8221; custom_margin=&#8221;||0px|&#8221; custom_padding=&#8221;|||&#8221; animation_style=&#8221;slide&#8221; animation_direction=&#8221;left&#8221; animation_intensity_slide=&#8221;5%&#8221; animation_starting_opacity=&#8221;100%&#8221; text_font_size_last_edited=&#8221;off|desktop&#8221; header_font_size_tablet=&#8221;&#8221; header_font_size_phone=&#8221;60px&#8221; header_font_size_last_edited=&#8221;on|phone&#8221;] Consultations th\u00e9rapeutiques [\/et_pb_text][\/et_pb_column][\/et_pb_row][\/et_pb_section][et_pb_section fb_built=&#8221;1&#8243; _builder_version=&#8221;4.7.0&#8243; _module_preset=&#8221;default&#8221; custom_padding=&#8221;50px||50px|||&#8221;][et_pb_row _builder_version=&#8221;4.7.0&#8243; _module_preset=&#8221;default&#8221;][et_pb_column type=&#8221;4_4&#8243; _builder_version=&#8221;4.7.0&#8243; _module_preset=&#8221;default&#8221;][et_pb_text _builder_version=&#8221;4.7.0&#8243; [&hellip;]<\/p>\n","protected":false},"author":1,"featured_media":0,"parent":0,"menu_order":0,"comment_status":"closed","ping_status":"closed","template":"","meta":{"_et_pb_use_builder":"on","_et_pb_old_content":"","_et_gb_content_width":""},"_links":{"self":[{"href":"https:\/\/gwenaellepersiaux.com\/index.php?rest_route=\/wp\/v2\/pages\/24"}],"collection":[{"href":"https:\/\/gwenaellepersiaux.com\/index.php?rest_route=\/wp\/v2\/pages"}],"about":[{"href":"https:\/\/gwenaellepersiaux.com\/index.php?rest_route=\/wp\/v2\/types\/page"}],"author":[{"embeddable":true,"href":"https:\/\/gwenaellepersiaux.com\/index.php?rest_route=\/wp\/v2\/users\/1"}],"replies":[{"embeddable":true,"href":"https:\/\/gwenaellepersiaux.com\/index.php?rest_route=%2Fwp%2Fv2%2Fcomments&post=24"}],"version-history":[{"count":9,"href":"https:\/\/gwenaellepersiaux.com\/index.php?rest_route=\/wp\/v2\/pages\/24\/revisions"}],"predecessor-version":[{"id":665,"href":"https:\/\/gwenaellepersiaux.com\/index.php?rest_route=\/wp\/v2\/pages\/24\/revisions\/665"}],"wp:attachment":[{"href":"https:\/\/gwenaellepersiaux.com\/index.php?rest_route=%2Fwp%2Fv2%2Fmedia&parent=24"}],"curies":[{"name":"wp","href":"https:\/\/api.w.org\/{rel}","templated":true}]}}