{"id":1319,"date":"2023-06-19T04:59:55","date_gmt":"2023-06-19T02:59:55","guid":{"rendered":"https:\/\/gwenaellepersiaux.com\/?page_id=1319"},"modified":"2026-04-01T17:24:12","modified_gmt":"2026-04-01T15:24:12","slug":"respiration-holotropique","status":"publish","type":"page","link":"https:\/\/gwenaellepersiaux.com\/?page_id=1319","title":{"rendered":"RESPIRATION HOLOTROPIQUE"},"content":{"rendered":"<p>[et_pb_section fb_built=&#8221;1&#8243; admin_label=&#8221;Hero Section&#8221; _builder_version=&#8221;4.7.0&#8243; use_background_color_gradient=&#8221;on&#8221; background_color_gradient_start=&#8221;rgba(244,240,233,0.9)&#8221; background_color_gradient_end=&#8221;rgba(244,240,233,0)&#8221; background_color_gradient_direction=&#8221;90deg&#8221; background_color_gradient_start_position=&#8221;30%&#8221; background_color_gradient_overlays_image=&#8221;on&#8221; background_image=&#8221;https:\/\/gwenaellepersiaux.com\/wp-content\/uploads\/2023\/06\/transe.jpeg&#8221; custom_margin=&#8221;|||&#8221; custom_padding=&#8221;119px|0px|119px|0px&#8221;][et_pb_row custom_padding_last_edited=&#8221;off|desktop&#8221; admin_label=&#8221;Hero Area&#8221; _builder_version=&#8221;3.25&#8243; custom_padding=&#8221;27px|0px|0px|0px&#8221;][et_pb_column type=&#8221;4_4&#8243; _builder_version=&#8221;3.25&#8243; custom_padding=&#8221;|||&#8221; custom_padding__hover=&#8221;|||&#8221;][et_pb_text admin_label=&#8221;Hero Title&#8221; _builder_version=&#8221;4.7.0&#8243; text_font=&#8221;Playfair Display||||||||&#8221; header_font=&#8221;Alice||||||||&#8221; header_font_size=&#8221;80px&#8221; header_letter_spacing=&#8221;-3px&#8221; header_line_height=&#8221;1.1em&#8221; custom_margin=&#8221;||0px|&#8221; custom_padding=&#8221;|||&#8221; animation_style=&#8221;slide&#8221; animation_direction=&#8221;left&#8221; animation_intensity_slide=&#8221;5%&#8221; animation_starting_opacity=&#8221;100%&#8221; text_font_size_last_edited=&#8221;off|desktop&#8221; header_font_size_tablet=&#8221;&#8221; header_font_size_phone=&#8221;60px&#8221; header_font_size_last_edited=&#8221;on|phone&#8221;]<\/p>\n<h1>Stages th\u00e9rapeutiques :<\/h1>\n<p>[\/et_pb_text][\/et_pb_column][\/et_pb_row][et_pb_row _builder_version=&#8221;4.7.0&#8243; _module_preset=&#8221;default&#8221; custom_padding=&#8221;1px|||||&#8221;][et_pb_column type=&#8221;4_4&#8243; _builder_version=&#8221;4.7.0&#8243; _module_preset=&#8221;default&#8221;][et_pb_text _builder_version=&#8221;4.7.0&#8243; _module_preset=&#8221;default&#8221;]<\/p>\n<h2>Journ\u00e9es et Week-ends de Respiration Holotropique<\/h2>\n<p>[\/et_pb_text][\/et_pb_column][\/et_pb_row][\/et_pb_section][et_pb_section fb_built=&#8221;1&#8243; _builder_version=&#8221;4.7.0&#8243; _module_preset=&#8221;default&#8221; custom_padding=&#8221;50px||50px|||&#8221;][et_pb_row _builder_version=&#8221;4.7.0&#8243; _module_preset=&#8221;default&#8221;][et_pb_column type=&#8221;4_4&#8243; _builder_version=&#8221;4.7.0&#8243; _module_preset=&#8221;default&#8221;][et_pb_text _builder_version=&#8221;4.7.0&#8243; _module_preset=&#8221;default&#8221; text_text_color=&#8221;#000000&#8243; text_font_size=&#8221;16px&#8221; text_orientation=&#8221;justified&#8221;]<\/p>\n<p><strong>Journ\u00e9es et Week-ends de Respiration Holotropique<\/strong><\/p>\n<p>Parmi les approches permettant d\u2019avancer en profondeur sur son chemin d\u2019\u00e9volution psycho-spirituelle, la respiration holotropique (ou RH) est, selon moi, une des plus puissantes. D\u00e9velopp\u00e9e par le psychiatre Stanislav Grof dans les ann\u00e9es 1970, la RH permet en effet de contourner les protections du mental et ainsi de descendre dans nos parts subconscientes et inconscientes pour lib\u00e9rer les charges \u00e9motionnelles qui encombrent notre psych\u00e9 et notre corps.<\/p>\n<p>L\u2019exp\u00e9rience de RH favorise un \u00e9tat \u00e9largi de conscience, ouvrant des champs de perception et d\u2019exploration plus large que lors d\u2019un travail dyadique verbal ou psychocorporel classique (comme l\u2019EFT ou l\u2019EMDR). Souvent, le \u00ab\u00a0respirant\u00a0\u00bb vit des r\u00e9gressions, c\u2019est-\u00e0-dire un voyage int\u00e9rieur, \u00e0 la rencontre de ses parties bless\u00e9es originelles. Il recontacte ainsi l\u2019exp\u00e9rience \u00e9motionnelle non-achev\u00e9e et termine la Gestalt (ou forme) pour que se lib\u00e8rent enfin les charges \u00e9nerg\u00e9tiques bloqu\u00e9es et que le processus de gu\u00e9rison se manifeste.<\/p>\n<p>Ces r\u00e9gressions sont, en g\u00e9n\u00e9ral, plus intenses et plus lib\u00e9ratrices qu\u2019en th\u00e9rapie classique, car beaucoup d\u2019ingr\u00e9dients sont r\u00e9unis pour cela\u00a0: sur-ventilation au d\u00e9part, musiques \u00e9vocatrices, privation sensorielle partielle (yeux band\u00e9s), rel\u00e2che du corps (allong\u00e9 sur un matelas), longueur de la s\u00e9ance (environ 3 heures), interventions des th\u00e9rapeutes si n\u00e9cessaire en cas de blocage, et enfin, last but not least\u00a0\ud83d\ude09, la puissance du groupe.<\/p>\n<p>Les principes de la RH s\u2019enracinent dans le champ de la psychologie transpersonnelle. Celle-ci est une approche d&#8217;accompagnement au carrefour de la psychologie humaniste et existentielle (mettant l&#8217;individu au c\u0153ur du processus) et des grands courants spirituels (mettant l&#8217;individu au centre d&#8217;un monde plus vaste, visible et invisible). La psychologie transpersonnelle est d\u2019une grande richesse, car elle permet \u00e0 la personne d&#8217;explorer et de transformer ses probl\u00e9matiques et ses\u00a0blocages en ayant une vision \u00e0 plusieurs niveaux : personnel (histoire pass\u00e9e et pr\u00e9sente), transg\u00e9n\u00e9rationnel, karmique et li\u00e9 \u00e0 l&#8217;inconscient collectif.<\/p>\n<p>J&#8217;organise ces stages de RH pour offrir \u00e0 chacun(e) un espace de d\u00e9couverte de soi, de ses profondeurs personnelles, mais aussi de celles des mondes dans lesquels nous \u00e9voluons, afin que nous puissions individuellement puis collectivement apaiser nos souffrances, aller significativement mieux, pour devenir \u00ab\u00a0qui nous sommes depuis toujours\u00a0\u00bb (Jung), et (re)trouver le sens de notre pr\u00e9sence ici-bas sur notre jolie plan\u00e8te bleue.<\/p>\n<p>Pour que ces explorations se fassent en s\u00e9curit\u00e9, je suis second\u00e9e par un ou des assistant(s) form\u00e9(s) et le programme inclut, en plus de la RH elle-m\u00eame, des propositions corporelles et introspectives au service du processus global. De plus,, pour les week-ends, nous avons la chance de vous accueillir \u00e0 La Marche \u00e0 Chavanay, un lieu ressour\u00e7ant et sp\u00e9cialement construit pour la RH par Brigitte Chavas, th\u00e9rapeute RH certifi\u00e9e GLT (Grof Legacy Training) qui est aussi ma formatrice, superviseuse, et surtout une tr\u00e8s belle personne, pour qui j\u2019ai une grande gratitude.<\/p>\n<p>La respiration holotropique \u00e9tant un dispositif de soins et d&#8217;ouverture de conscience puissant, pour participer \u00e0 mes stages, il est demand\u00e9 d&#8217;avoir d\u00e9j\u00e0 arpent\u00e9 un chemin de travail psychoth\u00e9rapeutique, en individuel et\/ou en groupe, id\u00e9alement avec des techniques psychocorporelles.\u00a0<\/p>\n<p>Enfin, <strong>quelques contre-indications \u00e0 la RH existent et sont \u00e0 respecter\u00a0: probl\u00e8mes vasculaires et\/ou cardiaques, glaucome, hypertension s\u00e9v\u00e8re, ant\u00e9c\u00e9dents d\u2019\u00e9pilepsie, asthme s\u00e9v\u00e8re, pathologie psychiatrique, op\u00e9ration chirurgicale r\u00e9cente, grossesse en cours.<\/strong><\/p>\n<p>Lors de l\u2019entretien pr\u00e9alable obligatoire, nous ferons connaissance et je r\u00e9pondrai aux questions qui resteraient en suspens.<\/p>\n<p>Pour en savoir plus sur la respiration holotropique et les \u00e9tats \u00e9largis de conscience en g\u00e9n\u00e9ral, je vous conseille de regarder la vid\u00e9o tout en bas de cette page o\u00f9 je suis interview\u00e9e sur ce sujet passionnant.\u00a0<\/p>\n<p>Dans la joie de vous accompagner dans vos voyages\u00a0!<\/p>\n<p>Gwenaelle\u00a0<\/p>\n<p>[\/et_pb_text][et_pb_video src=&#8221;https:\/\/www.youtube.com\/watch?v=d2TzezY-Wfo&#8221; _builder_version=&#8221;4.7.0&#8243; _module_preset=&#8221;default&#8221;][\/et_pb_video][\/et_pb_column][\/et_pb_row][\/et_pb_section][et_pb_section fb_built=&#8221;1&#8243; admin_label=&#8221;About Us Section&#8221; _builder_version=&#8221;4.7.0&#8243; background_color=&#8221;rgba(244,240,233,0.9)&#8221; custom_padding=&#8221;50px||36px|||&#8221;][et_pb_row admin_label=&#8221;About Us Area&#8221; _builder_version=&#8221;3.25&#8243; custom_margin=&#8221;|||&#8221; custom_padding=&#8221;27px|0px|0px|0px&#8221;][et_pb_column type=&#8221;4_4&#8243; _builder_version=&#8221;3.25&#8243; custom_padding=&#8221;|||&#8221; custom_padding__hover=&#8221;|||&#8221;][et_pb_divider color=&#8221;#000000&#8243; divider_weight=&#8221;3px&#8221; _builder_version=&#8221;3.2&#8243; max_width=&#8221;50px&#8221; custom_margin=&#8221;||10px|&#8221; animation_style=&#8221;fold&#8221; animation_direction=&#8221;left&#8221; animation_starting_opacity=&#8221;100%&#8221;][\/et_pb_divider][et_pb_text admin_label=&#8221;Title&#8221; _builder_version=&#8221;4.7.0&#8243; text_font=&#8221;||||||||&#8221; header_font=&#8221;||||||||&#8221; header_2_font=&#8221;Alice||||||||&#8221; header_2_font_size=&#8221;42px&#8221; header_2_line_height=&#8221;1.3em&#8221; custom_margin=&#8221;||20px|&#8221; animation_style=&#8221;slide&#8221; animation_direction=&#8221;top&#8221; animation_intensity_slide=&#8221;30%&#8221; animation_starting_opacity=&#8221;100%&#8221;]<\/p>\n<h2>Modalit\u00e9s pratiques<\/h2>\n<p>[\/et_pb_text][et_pb_text _builder_version=&#8221;4.7.0&#8243; text_font=&#8221;||||||||&#8221; text_text_color=&#8221;#000000&#8243; text_font_size=&#8221;16px&#8221; text_line_height=&#8221;1.8em&#8221; text_orientation=&#8221;justified&#8221; animation_style=&#8221;slide&#8221; animation_direction=&#8221;top&#8221; animation_intensity_slide=&#8221;10%&#8221; animation_starting_opacity=&#8221;100%&#8221;]<\/p>\n<p><strong style=\"font-size: 16px;\">Dates des week-ends RH en 2026 :<\/strong><\/p>\n<p><strong>\u2013 du vendredi 13 mars 19h au dimanche 15 mars 17h : COMPLET\u00a0<\/strong><\/p>\n<p><strong style=\"font-size: 16px;\">\u2013 du vendredi 8 mai 19h au dimanche 10 mai 17h : <strong>COMPLET\u00a0<\/strong><\/strong><\/p>\n<p><strong>\u2013 du vendredi 2 octobre 19h au dimanche 4 octobre 17h : COMPLET (possibilit\u00e9 d&#8217;\u00eatre en liste d&#8217;attente)<\/strong><\/p>\n<p><strong>\u2013 du vendredi 11 d\u00e9cembre au dimanche 13 d\u00e9cembre 17h\u00a0<\/strong><\/p>\n<p><strong><\/strong><\/p>\n<p><strong><\/strong><\/p>\n<p><strong><\/strong><\/p>\n<p><strong style=\"font-size: 16px;\"><span style=\"font-size: 16px;\">Tarif 2026 du week-end : 290\u20ac<\/span><\/strong><\/p>\n<p><span style=\"font-size: 16px;\">+ frais d\u2019h\u00e9bergement collectif et repas : 145\u20ac h\u00e9bergement collectif (matelas dans la salle ou dortoir). Quelques chambres solo chez des voisins sont disponibles pour les premi\u00e8res demandes au tarif de 170\u20ac.\u00a0<\/span><span style=\"font-size: 16px;\">La cuisine (4 repas et 2 petit d\u00e9jeuners) est pr\u00e9par\u00e9e avec amour et conscience par Violaine Gibert\u00a0 : v\u00e9g\u00e9tale, locale, bio et d\u00e9licieuse&#8230;<\/span><\/p>\n<p><span style=\"font-size: 16px;\"><\/span><\/p>\n<p><span style=\"font-size: 16px;\"><\/span><\/p>\n<p><strong><span style=\"font-size: 16px;\"><span style=\"text-decoration: underline;\"><\/span><\/span><\/strong><\/p>\n<p><strong>Lieu :\u00a0La Marche, 25 Grand Embuent, 42410 Chavanay, <\/strong><span>\u00e0\u00a01h de Lyon,\u00a050 mins de Saint Etienne,\u00a02h40 de Marseille.<\/span><\/p>\n<p>&nbsp;<\/p>\n<p><strong><span style=\"font-size: 16px;\"><span style=\"text-decoration: underline;\">Dates des journ\u00e9es RH en 2025 : RESERVEES AUX PERSONNES AYANT DEJA PARTICIPE A UN STAGE RH<\/span><\/span><\/strong><\/p>\n<p><strong><\/strong><\/p>\n<p><strong>&#8211; samedi 10 janvier 2026 &#8211; 8h30-19h<\/strong>\u00a0&#8211; <strong>COMPLET\u00a0<\/strong><\/p>\n<p>&#8211; <strong>samedi 7 mars 2026 &#8211; 8h30-19h :<\/strong>\u00a0<strong>COMPLET\u00a0<\/strong><strong><\/strong><\/p>\n<p><span style=\"font-size: 16px;\">Lieu : 536 chemin de Germany, 69440 Mornant, \u00e0 40 mins de Lyon et de St Etienne &#8211; Groupe de 10 personnes maximum<\/span><\/p>\n<p><strong>Tarif 2026 de la journ\u00e9e : 150\u20ac<br \/><\/strong><span style=\"font-size: 16px;\"><span style=\"text-decoration: underline;\">Il est demand\u00e9 pour ces journ\u00e9es d&#8217;avoir d\u00e9j\u00e0 particip\u00e9 \u00e0 un stage de respiration holotropique avec moi.<\/span><\/span><\/p>\n<p><strong><span style=\"font-size: 16px;\"><\/span><\/strong><br \/><strong>Comment vous inscrire ?<\/strong> Remplissez le formulaire de pr\u00e9-inscription en ligne en cliquant sur la cartouche orange ci dessous. Parall\u00e8lement, t\u00e9l\u00e9chargez le questionnaire de sant\u00e9 obligatoire en cliquant sur l&#8217;autre cartouche orange ci dessous. Celui-ci est \u00e0 remplir obligatoirement et \u00e0 me renvoyer par mail. Avec ces \u00e9l\u00e9ments, je vous contacterai par mail pour fixer ensemble un entretien t\u00e9l\u00e9phonique afin de faire connaissance et r\u00e9pondre \u00e0 vos questions. Votre inscription d\u00e9finitive se fera ensuite par l&#8217;envoi d&#8217;un ch\u00e8que d&#8217;arrhes ou virement.\u00a0<\/p>\n<p><strong style=\"font-size: 16px;\">Conditions d\u2019annulation :\u00a0<\/strong><span style=\"font-size: 16px;\">L\u2019acompte est conserv\u00e9 dans tous les cas d\u2019annulation.\u00a0En cas d\u2019annulation moins de 3 semaines avant la date du stage, la totalit\u00e9 du stage est due, sauf si une personne peut vous remplacer (et seul l\u2019acompte sera retenu).<\/span><\/p>\n<p>[\/et_pb_text][\/et_pb_column][\/et_pb_row][et_pb_row _builder_version=&#8221;4.7.0&#8243; _module_preset=&#8221;default&#8221;][et_pb_column type=&#8221;4_4&#8243; _builder_version=&#8221;4.7.0&#8243; _module_preset=&#8221;default&#8221;][et_pb_button button_url=&#8221;https:\/\/docs.google.com\/forms\/d\/e\/1FAIpQLSdIE-nqmCOXfREY8nh3m0doYL13FORfOK5SBxFyO-UB7-PbbA\/viewform?usp=pp_url&#8221; url_new_window=&#8221;on&#8221; button_text=&#8221; PRE INSCRIPTION EN LIGNE&#8221; _builder_version=&#8221;4.7.0&#8243; _module_preset=&#8221;default&#8221; custom_button=&#8221;on&#8221; button_text_size=&#8221;14px&#8221; button_text_color=&#8221;#ffffff&#8221; button_bg_color=&#8221;#c55f0d&#8221; button_border_width=&#8221;1px&#8221; button_border_color_tablet=&#8221;&#8221; button_border_color_phone=&#8221;&#8221; button_border_color_last_edited=&#8221;on|desktop&#8221;][\/et_pb_button][et_pb_button button_url=&#8221;https:\/\/gwenaellepersiaux.com\/wp-content\/uploads\/2024\/11\/0-QUESTIONNAIRE-MEDICAL-RH.pdf&#8221; url_new_window=&#8221;on&#8221; button_text=&#8221;QUESTIONNAIRE DE SANTE OBLIGATOIRE &#8221; _builder_version=&#8221;4.7.0&#8243; _module_preset=&#8221;default&#8221; custom_button=&#8221;on&#8221; button_text_size=&#8221;14px&#8221; button_text_color=&#8221;#ffffff&#8221; button_bg_color=&#8221;#c55f0d&#8221; button_border_width=&#8221;1px&#8221; button_border_color_tablet=&#8221;&#8221; button_border_color_phone=&#8221;&#8221; button_border_color_last_edited=&#8221;on|desktop&#8221;][\/et_pb_button][\/et_pb_column][\/et_pb_row][\/et_pb_section][et_pb_section fb_built=&#8221;1&#8243; _builder_version=&#8221;4.7.0&#8243; _module_preset=&#8221;default&#8221;][et_pb_row column_structure=&#8221;1_3,1_3,1_3&#8243; _builder_version=&#8221;4.7.0&#8243; _module_preset=&#8221;default&#8221; module_alignment=&#8221;center&#8221;][et_pb_column type=&#8221;1_3&#8243; _builder_version=&#8221;4.7.0&#8243; _module_preset=&#8221;default&#8221;][et_pb_image src=&#8221;https:\/\/gwenaellepersiaux.com\/wp-content\/uploads\/2023\/06\/transe.jpeg&#8221; alt=&#8221;Respiration Holotropique&#8221; title_text=&#8221;Respiration Holotropique&#8221; force_fullwidth=&#8221;on&#8221; align_tablet=&#8221;center&#8221; align_phone=&#8221;&#8221; align_last_edited=&#8221;on|desktop&#8221; _builder_version=&#8221;4.7.0&#8243; animation_style=&#8221;slide&#8221; animation_direction=&#8221;left&#8221; animation_intensity_slide=&#8221;10%&#8221; animation_starting_opacity=&#8221;100%&#8221;][\/et_pb_image][\/et_pb_column][et_pb_column type=&#8221;1_3&#8243; _builder_version=&#8221;4.7.0&#8243; _module_preset=&#8221;default&#8221;][et_pb_image src=&#8221;https:\/\/gwenaellepersiaux.com\/wp-content\/uploads\/2023\/06\/telechargement.jpeg&#8221; alt=&#8221;Week-ends de Respiration Holotropique&#8221; title_text=&#8221;Week-ends de Respiration Holotropique&#8221; force_fullwidth=&#8221;on&#8221; align_tablet=&#8221;center&#8221; align_phone=&#8221;&#8221; align_last_edited=&#8221;on|desktop&#8221; _builder_version=&#8221;4.7.0&#8243; custom_margin=&#8221;||50px|||&#8221; animation_style=&#8221;slide&#8221; animation_direction=&#8221;left&#8221; animation_intensity_slide=&#8221;10%&#8221; animation_starting_opacity=&#8221;100%&#8221;][\/et_pb_image][\/et_pb_column][et_pb_column type=&#8221;1_3&#8243; _builder_version=&#8221;4.7.0&#8243; _module_preset=&#8221;default&#8221;][et_pb_image src=&#8221;https:\/\/gwenaellepersiaux.com\/wp-content\/uploads\/2023\/06\/telechargement-1.jpeg&#8221; alt=&#8221;Week-ends de Respiration Holotropique&#8221; title_text=&#8221;Week-ends de Respiration Holotropique&#8221; _builder_version=&#8221;4.7.0&#8243; _module_preset=&#8221;default&#8221;][\/et_pb_image][\/et_pb_column][\/et_pb_row][et_pb_row column_structure=&#8221;1_3,1_3,1_3&#8243; _builder_version=&#8221;4.7.0&#8243; _module_preset=&#8221;default&#8221; module_alignment=&#8221;center&#8221;][et_pb_column type=&#8221;1_3&#8243; _builder_version=&#8221;4.7.0&#8243; _module_preset=&#8221;default&#8221;][et_pb_image src=&#8221;https:\/\/gwenaellepersiaux.com\/wp-content\/uploads\/2024\/03\/428316216_10160981175534631_112661385736714493_n.jpg&#8221; alt=&#8221;Respiration Holotropique&#8221; title_text=&#8221;428316216_10160981175534631_112661385736714493_n&#8221; force_fullwidth=&#8221;on&#8221; align_tablet=&#8221;center&#8221; align_phone=&#8221;&#8221; align_last_edited=&#8221;on|desktop&#8221; _builder_version=&#8221;4.7.0&#8243; animation_style=&#8221;slide&#8221; animation_direction=&#8221;left&#8221; animation_intensity_slide=&#8221;10%&#8221; animation_starting_opacity=&#8221;100%&#8221;][\/et_pb_image][\/et_pb_column][et_pb_column type=&#8221;1_3&#8243; _builder_version=&#8221;4.7.0&#8243; _module_preset=&#8221;default&#8221;][et_pb_image src=&#8221;https:\/\/gwenaellepersiaux.com\/wp-content\/uploads\/2024\/03\/426412081_10160981175339631_9207199895028852566_n.jpg&#8221; alt=&#8221;Week-ends de Respiration Holotropique&#8221; title_text=&#8221;426412081_10160981175339631_9207199895028852566_n&#8221; force_fullwidth=&#8221;on&#8221; align_tablet=&#8221;center&#8221; align_phone=&#8221;&#8221; align_last_edited=&#8221;on|desktop&#8221; _builder_version=&#8221;4.7.0&#8243; custom_margin=&#8221;||50px|||&#8221; animation_style=&#8221;slide&#8221; animation_direction=&#8221;left&#8221; animation_intensity_slide=&#8221;10%&#8221; animation_starting_opacity=&#8221;100%&#8221;][\/et_pb_image][\/et_pb_column][et_pb_column type=&#8221;1_3&#8243; _builder_version=&#8221;4.7.0&#8243; _module_preset=&#8221;default&#8221;][et_pb_image src=&#8221;https:\/\/gwenaellepersiaux.com\/wp-content\/uploads\/2024\/03\/428132720_10160981175564631_2580886757731960774_n-scaled.jpg&#8221; alt=&#8221;Week-ends de Respiration Holotropique&#8221; title_text=&#8221;428132720_10160981175564631_2580886757731960774_n&#8221; _builder_version=&#8221;4.7.0&#8243; _module_preset=&#8221;default&#8221;][\/et_pb_image][\/et_pb_column][\/et_pb_row][\/et_pb_section][et_pb_section fb_built=&#8221;1&#8243; _builder_version=&#8221;4.7.0&#8243; _module_preset=&#8221;default&#8221;][et_pb_row _builder_version=&#8221;4.7.0&#8243; _module_preset=&#8221;default&#8221;][et_pb_column type=&#8221;4_4&#8243; _builder_version=&#8221;4.7.0&#8243; _module_preset=&#8221;default&#8221;][et_pb_video src=&#8221;https:\/\/www.youtube.com\/watch?v=LgvmQ03wxhE&#038;t=4973s&#8221; _builder_version=&#8221;4.7.0&#8243; _module_preset=&#8221;default&#8221;][\/et_pb_video][\/et_pb_column][\/et_pb_row][et_pb_row _builder_version=&#8221;4.7.0&#8243; _module_preset=&#8221;default&#8221; link_option_url=&#8221;https:\/\/www.youtube.com\/watch?v=ePLyu5tozXg&#8221;][et_pb_column type=&#8221;4_4&#8243; _builder_version=&#8221;4.7.0&#8243; _module_preset=&#8221;default&#8221;][et_pb_video src=&#8221;https:\/\/www.youtube.com\/watch?v=ePLyu5tozXg&#8221; _builder_version=&#8221;4.7.0&#8243; _module_preset=&#8221;default&#8221;][\/et_pb_video][\/et_pb_column][\/et_pb_row][\/et_pb_section][et_pb_section fb_built=&#8221;1&#8243; _builder_version=&#8221;4.7.0&#8243; _module_preset=&#8221;default&#8221;][et_pb_row _builder_version=&#8221;4.7.0&#8243; _module_preset=&#8221;default&#8221;][et_pb_column type=&#8221;4_4&#8243; _builder_version=&#8221;4.7.0&#8243; _module_preset=&#8221;default&#8221;][et_pb_comments show_avatar=&#8221;off&#8221; show_reply=&#8221;off&#8221; show_count=&#8221;off&#8221; _builder_version=&#8221;4.7.0&#8243; _module_preset=&#8221;default&#8221; custom_button=&#8221;on&#8221; button_text_size=&#8221;15px&#8221; button_text_color=&#8221;#000000&#8243; button_border_width=&#8221;1px&#8221;][\/et_pb_comments][\/et_pb_column][\/et_pb_row][\/et_pb_section]<\/p>\n","protected":false},"excerpt":{"rendered":"<p>[et_pb_section fb_built=&#8221;1&#8243; admin_label=&#8221;Hero Section&#8221; _builder_version=&#8221;4.7.0&#8243; use_background_color_gradient=&#8221;on&#8221; background_color_gradient_start=&#8221;rgba(244,240,233,0.9)&#8221; background_color_gradient_end=&#8221;rgba(244,240,233,0)&#8221; background_color_gradient_direction=&#8221;90deg&#8221; background_color_gradient_start_position=&#8221;30%&#8221; background_color_gradient_overlays_image=&#8221;on&#8221; background_image=&#8221;https:\/\/gwenaellepersiaux.com\/wp-content\/uploads\/2023\/06\/transe.jpeg&#8221; custom_margin=&#8221;|||&#8221; custom_padding=&#8221;119px|0px|119px|0px&#8221;][et_pb_row custom_padding_last_edited=&#8221;off|desktop&#8221; admin_label=&#8221;Hero Area&#8221; _builder_version=&#8221;3.25&#8243; custom_padding=&#8221;27px|0px|0px|0px&#8221;][et_pb_column type=&#8221;4_4&#8243; _builder_version=&#8221;3.25&#8243; custom_padding=&#8221;|||&#8221; custom_padding__hover=&#8221;|||&#8221;][et_pb_text admin_label=&#8221;Hero Title&#8221; _builder_version=&#8221;4.7.0&#8243; text_font=&#8221;Playfair Display||||||||&#8221; header_font=&#8221;Alice||||||||&#8221; header_font_size=&#8221;80px&#8221; header_letter_spacing=&#8221;-3px&#8221; header_line_height=&#8221;1.1em&#8221; custom_margin=&#8221;||0px|&#8221; custom_padding=&#8221;|||&#8221; animation_style=&#8221;slide&#8221; animation_direction=&#8221;left&#8221; animation_intensity_slide=&#8221;5%&#8221; animation_starting_opacity=&#8221;100%&#8221; text_font_size_last_edited=&#8221;off|desktop&#8221; header_font_size_tablet=&#8221;&#8221; header_font_size_phone=&#8221;60px&#8221; header_font_size_last_edited=&#8221;on|phone&#8221;] Stages th\u00e9rapeutiques : [\/et_pb_text][\/et_pb_column][\/et_pb_row][et_pb_row _builder_version=&#8221;4.7.0&#8243; _module_preset=&#8221;default&#8221; custom_padding=&#8221;1px|||||&#8221;][et_pb_column type=&#8221;4_4&#8243; _builder_version=&#8221;4.7.0&#8243; _module_preset=&#8221;default&#8221;][et_pb_text _builder_version=&#8221;4.7.0&#8243; _module_preset=&#8221;default&#8221;] Journ\u00e9es [&hellip;]<\/p>\n","protected":false},"author":1,"featured_media":0,"parent":0,"menu_order":0,"comment_status":"open","ping_status":"closed","template":"","meta":{"_et_pb_use_builder":"on","_et_pb_old_content":"<!-- wp:divi\/placeholder \/-->","_et_gb_content_width":""},"_links":{"self":[{"href":"https:\/\/gwenaellepersiaux.com\/index.php?rest_route=\/wp\/v2\/pages\/1319"}],"collection":[{"href":"https:\/\/gwenaellepersiaux.com\/index.php?rest_route=\/wp\/v2\/pages"}],"about":[{"href":"https:\/\/gwenaellepersiaux.com\/index.php?rest_route=\/wp\/v2\/types\/page"}],"author":[{"embeddable":true,"href":"https:\/\/gwenaellepersiaux.com\/index.php?rest_route=\/wp\/v2\/users\/1"}],"replies":[{"embeddable":true,"href":"https:\/\/gwenaellepersiaux.com\/index.php?rest_route=%2Fwp%2Fv2%2Fcomments&post=1319"}],"version-history":[{"count":101,"href":"https:\/\/gwenaellepersiaux.com\/index.php?rest_route=\/wp\/v2\/pages\/1319\/revisions"}],"predecessor-version":[{"id":2114,"href":"https:\/\/gwenaellepersiaux.com\/index.php?rest_route=\/wp\/v2\/pages\/1319\/revisions\/2114"}],"wp:attachment":[{"href":"https:\/\/gwenaellepersiaux.com\/index.php?rest_route=%2Fwp%2Fv2%2Fmedia&parent=1319"}],"curies":[{"name":"wp","href":"https:\/\/api.w.org\/{rel}","templated":true}]}}